{"id":1330,"date":"2025-10-02T11:13:34","date_gmt":"2025-10-02T09:13:34","guid":{"rendered":"https:\/\/www.nyheimcamping.no\/?page_id=1330"},"modified":"2025-10-02T11:14:28","modified_gmt":"2025-10-02T09:14:28","slug":"hytte-14","status":"publish","type":"page","link":"https:\/\/www.nyheimcamping.no\/de\/hytte-14\/","title":{"rendered":"Kabine 14"},"content":{"rendered":"<div data-elementor-type=\"wp-page\" data-elementor-id=\"1330\" class=\"elementor elementor-1330\" data-elementor-post-type=\"page\">\n\t\t\t\t<div class=\"elementor-element elementor-element-2e59dc56 e-flex e-con-boxed e-con e-parent\" data-id=\"2e59dc56\" data-element_type=\"container\" data-e-type=\"container\">\n\t\t\t\t\t<div class=\"e-con-inner\">\n\t\t<div class=\"elementor-element elementor-element-1db0001c e-con-full e-flex e-con e-child\" data-id=\"1db0001c\" data-element_type=\"container\" data-e-type=\"container\">\n\t\t\t\t<div class=\"elementor-element elementor-element-408fbf84 elementor-widget elementor-widget-heading\" data-id=\"408fbf84\" data-element_type=\"widget\" data-e-type=\"widget\" data-widget_type=\"heading.default\">\n\t\t\t\t<div class=\"elementor-widget-container\">\n\t\t\t\t\t<h2 class=\"elementor-heading-title elementor-size-default\">Kabine 14<\/h2>\t\t\t\t<\/div>\n\t\t\t\t<\/div>\n\t\t\t\t<div class=\"elementor-element elementor-element-1598585b elementor-widget elementor-widget-text-editor\" data-id=\"1598585b\" data-element_type=\"widget\" data-e-type=\"widget\" data-widget_type=\"text-editor.default\">\n\t\t\t\t<div class=\"elementor-widget-container\">\n\t\t\t\t\t\t\t\t\t<div id=\"div_block-187-266\" class=\"ct-div-block\"><div id=\"div_block-188-266\" class=\"ct-div-block\"><div id=\"text_block-190-266\" class=\"ct-text-block\">Wir haben H\u00fctten in verschiedenen Gr\u00f6\u00dfen und in verschiedenen Standards. Alle H\u00fctten haben Stromanschluss, au\u00dfer Nr. 13, die \u00fcber Solarzellen verf\u00fcgt. Einige H\u00fctten haben zus\u00e4tzlich zum TV ein eigenes WC\/Dusche.<\/div><\/div><\/div>\t\t\t\t\t\t\t\t<\/div>\n\t\t\t\t<\/div>\n\t\t\t\t<div class=\"elementor-element elementor-element-3a16bf0a elementor-mobile-align-center elementor-widget elementor-widget-button\" data-id=\"3a16bf0a\" data-element_type=\"widget\" data-e-type=\"widget\" data-widget_type=\"button.default\">\n\t\t\t\t<div class=\"elementor-widget-container\">\n\t\t\t\t\t\t\t\t\t<div class=\"elementor-button-wrapper\">\n\t\t\t\t\t<a class=\"elementor-button elementor-button-link elementor-size-sm\" href=\"https:\/\/reservations.visbook.com\/707?lang=en\" target=\"_blank\">\n\t\t\t\t\t\t<span class=\"elementor-button-content-wrapper\">\n\t\t\t\t\t\t\t\t\t<span class=\"elementor-button-text\">BUCHUNG<\/span>\n\t\t\t\t\t<\/span>\n\t\t\t\t\t<\/a>\n\t\t\t\t<\/div>\n\t\t\t\t\t\t\t\t<\/div>\n\t\t\t\t<\/div>\n\t\t\t\t<\/div>\n\t\t<div class=\"elementor-element elementor-element-23dd51b7 e-con-full e-flex e-con e-child\" data-id=\"23dd51b7\" data-element_type=\"container\" data-e-type=\"container\" data-settings=\"{&quot;background_background&quot;:&quot;classic&quot;}\">\n\t\t\t\t<\/div>\n\t\t\t\t\t<\/div>\n\t\t\t\t<\/div>\n\t\t<div class=\"elementor-element elementor-element-258ae61a e-flex e-con-boxed e-con e-parent\" data-id=\"258ae61a\" data-element_type=\"container\" data-e-type=\"container\">\n\t\t\t\t\t<div class=\"e-con-inner\">\n\t\t\t\t<div class=\"elementor-element elementor-element-5bc82954 elementor-widget elementor-widget-heading\" data-id=\"5bc82954\" data-element_type=\"widget\" data-e-type=\"widget\" data-widget_type=\"heading.default\">\n\t\t\t\t<div class=\"elementor-widget-container\">\n\t\t\t\t\t<h2 class=\"elementor-heading-title elementor-size-default\">BILDER<\/h2>\t\t\t\t<\/div>\n\t\t\t\t<\/div>\n\t\t\t\t<div class=\"elementor-element elementor-element-73042e2d elementor-widget-divider--view-line elementor-widget elementor-widget-divider\" data-id=\"73042e2d\" data-element_type=\"widget\" data-e-type=\"widget\" data-widget_type=\"divider.default\">\n\t\t\t\t<div class=\"elementor-widget-container\">\n\t\t\t\t\t\t\t<div class=\"elementor-divider\">\n\t\t\t<span class=\"elementor-divider-separator\">\n\t\t\t\t\t\t<\/span>\n\t\t<\/div>\n\t\t\t\t\t\t<\/div>\n\t\t\t\t<\/div>\n\t\t\t\t<div class=\"elementor-element elementor-element-5d99a4f9 elementor-widget elementor-widget-gallery\" data-id=\"5d99a4f9\" data-element_type=\"widget\" data-e-type=\"widget\" data-settings=\"{&quot;columns&quot;:2,&quot;lazyload&quot;:&quot;yes&quot;,&quot;gallery_layout&quot;:&quot;grid&quot;,&quot;columns_tablet&quot;:2,&quot;columns_mobile&quot;:1,&quot;gap&quot;:{&quot;unit&quot;:&quot;px&quot;,&quot;size&quot;:10,&quot;sizes&quot;:[]},&quot;gap_tablet&quot;:{&quot;unit&quot;:&quot;px&quot;,&quot;size&quot;:10,&quot;sizes&quot;:[]},&quot;gap_mobile&quot;:{&quot;unit&quot;:&quot;px&quot;,&quot;size&quot;:10,&quot;sizes&quot;:[]},&quot;link_to&quot;:&quot;file&quot;,&quot;aspect_ratio&quot;:&quot;3:2&quot;,&quot;overlay_background&quot;:&quot;yes&quot;,&quot;content_hover_animation&quot;:&quot;fade-in&quot;}\" data-widget_type=\"gallery.default\">\n\t\t\t\t<div class=\"elementor-widget-container\">\n\t\t\t\t\t\t\t<div class=\"elementor-gallery__container\">\n\t\t\t\t\t\t\t<a class=\"e-gallery-item elementor-gallery-item elementor-animated-content\" href=\"https:\/\/www.nyheimcamping.no\/wp-content\/uploads\/2025\/10\/Hytte-14_1.webp\" data-elementor-open-lightbox=\"yes\" data-elementor-lightbox-slideshow=\"5d99a4f9\" data-elementor-lightbox-title=\"Hytte 14_1\" data-e-action-hash=\"#elementor-action%3Aaction%3Dlightbox%26settings%3DeyJpZCI6MTI5NywidXJsIjoiaHR0cHM6XC9cL3d3dy5ueWhlaW1jYW1waW5nLm5vXC93cC1jb250ZW50XC91cGxvYWRzXC8yMDI1XC8xMFwvSHl0dGUtMTRfMS53ZWJwIiwic2xpZGVzaG93IjoiNWQ5OWE0ZjkifQ%3D%3D\">\n\t\t\t\t\t<div class=\"e-gallery-image elementor-gallery-item__image\" data-thumbnail=\"https:\/\/www.nyheimcamping.no\/wp-content\/uploads\/2025\/10\/Hytte-14_1-1024x771.webp\" data-width=\"800\" data-height=\"602\" aria-label=\"\" role=\"img\" ><\/div>\n\t\t\t\t\t\t\t\t\t\t\t<div class=\"elementor-gallery-item__overlay\"><\/div>\n\t\t\t\t\t\t\t\t\t\t\t\t\t\t<\/a>\n\t\t\t\t\t\t\t<a class=\"e-gallery-item elementor-gallery-item elementor-animated-content\" href=\"https:\/\/www.nyheimcamping.no\/wp-content\/uploads\/2025\/10\/Hytte-14_2.webp\" data-elementor-open-lightbox=\"yes\" data-elementor-lightbox-slideshow=\"5d99a4f9\" data-elementor-lightbox-title=\"Hytte 14_2\" data-e-action-hash=\"#elementor-action%3Aaction%3Dlightbox%26settings%3DeyJpZCI6MTI5OCwidXJsIjoiaHR0cHM6XC9cL3d3dy5ueWhlaW1jYW1waW5nLm5vXC93cC1jb250ZW50XC91cGxvYWRzXC8yMDI1XC8xMFwvSHl0dGUtMTRfMi53ZWJwIiwic2xpZGVzaG93IjoiNWQ5OWE0ZjkifQ%3D%3D\">\n\t\t\t\t\t<div class=\"e-gallery-image elementor-gallery-item__image\" data-thumbnail=\"https:\/\/www.nyheimcamping.no\/wp-content\/uploads\/2025\/10\/Hytte-14_2-1024x771.webp\" data-width=\"800\" data-height=\"602\" aria-label=\"\" role=\"img\" ><\/div>\n\t\t\t\t\t\t\t\t\t\t\t<div class=\"elementor-gallery-item__overlay\"><\/div>\n\t\t\t\t\t\t\t\t\t\t\t\t\t\t<\/a>\n\t\t\t\t\t<\/div>\n\t\t\t\t\t<\/div>\n\t\t\t\t<\/div>\n\t\t\t\t\t<\/div>\n\t\t\t\t<\/div>\n\t\t\t\t<\/div>","protected":false},"excerpt":{"rendered":"<p>Hytte 14 Vi har hytter i flere st\u00f8rrelser og i flere standarder. Alle hytter har str\u00f8m bortsett fra nr. 13, som har solcelleanlegg. Enkelte hytter har eget WC\/dusj i tillegg til TV. BOOKING BILDER<\/p>","protected":false},"author":1,"featured_media":0,"parent":0,"menu_order":0,"comment_status":"closed","ping_status":"closed","template":"","meta":{"footnotes":""},"class_list":["post-1330","page","type-page","status-publish","hentry"],"_links":{"self":[{"href":"https:\/\/www.nyheimcamping.no\/de\/wp-json\/wp\/v2\/pages\/1330","targetHints":{"allow":["GET"]}}],"collection":[{"href":"https:\/\/www.nyheimcamping.no\/de\/wp-json\/wp\/v2\/pages"}],"about":[{"href":"https:\/\/www.nyheimcamping.no\/de\/wp-json\/wp\/v2\/types\/page"}],"author":[{"embeddable":true,"href":"https:\/\/www.nyheimcamping.no\/de\/wp-json\/wp\/v2\/users\/1"}],"replies":[{"embeddable":true,"href":"https:\/\/www.nyheimcamping.no\/de\/wp-json\/wp\/v2\/comments?post=1330"}],"version-history":[{"count":4,"href":"https:\/\/www.nyheimcamping.no\/de\/wp-json\/wp\/v2\/pages\/1330\/revisions"}],"predecessor-version":[{"id":1335,"href":"https:\/\/www.nyheimcamping.no\/de\/wp-json\/wp\/v2\/pages\/1330\/revisions\/1335"}],"wp:attachment":[{"href":"https:\/\/www.nyheimcamping.no\/de\/wp-json\/wp\/v2\/media?parent=1330"}],"curies":[{"name":"wp","href":"https:\/\/api.w.org\/{rel}","templated":true}]}}