{"id":1339,"date":"2025-10-02T11:15:32","date_gmt":"2025-10-02T09:15:32","guid":{"rendered":"https:\/\/www.nyheimcamping.no\/?page_id=1339"},"modified":"2025-10-02T11:21:33","modified_gmt":"2025-10-02T09:21:33","slug":"hytte-15","status":"publish","type":"page","link":"https:\/\/www.nyheimcamping.no\/de\/hytte-15\/","title":{"rendered":"Kabine 15"},"content":{"rendered":"<div data-elementor-type=\"wp-page\" data-elementor-id=\"1339\" class=\"elementor elementor-1339\" data-elementor-post-type=\"page\">\n\t\t\t\t<div class=\"elementor-element elementor-element-536642bd e-flex e-con-boxed e-con e-parent\" data-id=\"536642bd\" data-element_type=\"container\" data-e-type=\"container\">\n\t\t\t\t\t<div class=\"e-con-inner\">\n\t\t<div class=\"elementor-element elementor-element-4ad304f4 e-con-full e-flex e-con e-child\" data-id=\"4ad304f4\" data-element_type=\"container\" data-e-type=\"container\">\n\t\t\t\t<div class=\"elementor-element elementor-element-7ad315cb elementor-widget elementor-widget-heading\" data-id=\"7ad315cb\" data-element_type=\"widget\" data-e-type=\"widget\" data-widget_type=\"heading.default\">\n\t\t\t\t<div class=\"elementor-widget-container\">\n\t\t\t\t\t<h2 class=\"elementor-heading-title elementor-size-default\">Kabine 15<\/h2>\t\t\t\t<\/div>\n\t\t\t\t<\/div>\n\t\t\t\t<div class=\"elementor-element elementor-element-e03e197 elementor-widget elementor-widget-text-editor\" data-id=\"e03e197\" data-element_type=\"widget\" data-e-type=\"widget\" data-widget_type=\"text-editor.default\">\n\t\t\t\t<div class=\"elementor-widget-container\">\n\t\t\t\t\t\t\t\t\t<div id=\"div_block-187-266\" class=\"ct-div-block\"><div id=\"div_block-188-266\" class=\"ct-div-block\"><div id=\"text_block-190-266\" class=\"ct-text-block\">Wir haben H\u00fctten in verschiedenen Gr\u00f6\u00dfen und in verschiedenen Standards. Alle H\u00fctten haben Stromanschluss, au\u00dfer Nr. 13, die \u00fcber Solarzellen verf\u00fcgt. Einige H\u00fctten haben zus\u00e4tzlich zum TV ein eigenes WC\/Dusche.<\/div><\/div><\/div>\t\t\t\t\t\t\t\t<\/div>\n\t\t\t\t<\/div>\n\t\t\t\t<div class=\"elementor-element elementor-element-48197e78 elementor-mobile-align-center elementor-widget elementor-widget-button\" data-id=\"48197e78\" data-element_type=\"widget\" data-e-type=\"widget\" data-widget_type=\"button.default\">\n\t\t\t\t<div class=\"elementor-widget-container\">\n\t\t\t\t\t\t\t\t\t<div class=\"elementor-button-wrapper\">\n\t\t\t\t\t<a class=\"elementor-button elementor-button-link elementor-size-sm\" href=\"https:\/\/reservations.visbook.com\/707?lang=en\" target=\"_blank\">\n\t\t\t\t\t\t<span class=\"elementor-button-content-wrapper\">\n\t\t\t\t\t\t\t\t\t<span class=\"elementor-button-text\">BUCHUNG<\/span>\n\t\t\t\t\t<\/span>\n\t\t\t\t\t<\/a>\n\t\t\t\t<\/div>\n\t\t\t\t\t\t\t\t<\/div>\n\t\t\t\t<\/div>\n\t\t\t\t<\/div>\n\t\t<div class=\"elementor-element elementor-element-3ae7f00d e-con-full e-flex e-con e-child\" data-id=\"3ae7f00d\" data-element_type=\"container\" data-e-type=\"container\" data-settings=\"{&quot;background_background&quot;:&quot;classic&quot;}\">\n\t\t\t\t<\/div>\n\t\t\t\t\t<\/div>\n\t\t\t\t<\/div>\n\t\t<div class=\"elementor-element elementor-element-b87224e e-flex e-con-boxed e-con e-parent\" data-id=\"b87224e\" data-element_type=\"container\" data-e-type=\"container\">\n\t\t\t\t\t<div class=\"e-con-inner\">\n\t\t\t\t<div class=\"elementor-element elementor-element-2ebf3acd elementor-widget elementor-widget-heading\" data-id=\"2ebf3acd\" data-element_type=\"widget\" data-e-type=\"widget\" data-widget_type=\"heading.default\">\n\t\t\t\t<div class=\"elementor-widget-container\">\n\t\t\t\t\t<h2 class=\"elementor-heading-title elementor-size-default\">BILDER<\/h2>\t\t\t\t<\/div>\n\t\t\t\t<\/div>\n\t\t\t\t<div class=\"elementor-element elementor-element-7786244c elementor-widget-divider--view-line elementor-widget elementor-widget-divider\" data-id=\"7786244c\" data-element_type=\"widget\" data-e-type=\"widget\" data-widget_type=\"divider.default\">\n\t\t\t\t<div class=\"elementor-widget-container\">\n\t\t\t\t\t\t\t<div class=\"elementor-divider\">\n\t\t\t<span class=\"elementor-divider-separator\">\n\t\t\t\t\t\t<\/span>\n\t\t<\/div>\n\t\t\t\t\t\t<\/div>\n\t\t\t\t<\/div>\n\t\t\t\t<div class=\"elementor-element elementor-element-67eea2f4 elementor-widget elementor-widget-gallery\" data-id=\"67eea2f4\" data-element_type=\"widget\" data-e-type=\"widget\" data-settings=\"{&quot;columns&quot;:2,&quot;lazyload&quot;:&quot;yes&quot;,&quot;gallery_layout&quot;:&quot;grid&quot;,&quot;columns_tablet&quot;:2,&quot;columns_mobile&quot;:1,&quot;gap&quot;:{&quot;unit&quot;:&quot;px&quot;,&quot;size&quot;:10,&quot;sizes&quot;:[]},&quot;gap_tablet&quot;:{&quot;unit&quot;:&quot;px&quot;,&quot;size&quot;:10,&quot;sizes&quot;:[]},&quot;gap_mobile&quot;:{&quot;unit&quot;:&quot;px&quot;,&quot;size&quot;:10,&quot;sizes&quot;:[]},&quot;link_to&quot;:&quot;file&quot;,&quot;aspect_ratio&quot;:&quot;3:2&quot;,&quot;overlay_background&quot;:&quot;yes&quot;,&quot;content_hover_animation&quot;:&quot;fade-in&quot;}\" data-widget_type=\"gallery.default\">\n\t\t\t\t<div class=\"elementor-widget-container\">\n\t\t\t\t\t\t\t<div class=\"elementor-gallery__container\">\n\t\t\t\t\t\t\t<a class=\"e-gallery-item elementor-gallery-item elementor-animated-content\" href=\"https:\/\/www.nyheimcamping.no\/wp-content\/uploads\/2025\/10\/Hytte-15_1.webp\" data-elementor-open-lightbox=\"yes\" data-elementor-lightbox-slideshow=\"67eea2f4\" data-elementor-lightbox-title=\"Hytte 15_1\" data-e-action-hash=\"#elementor-action%3Aaction%3Dlightbox%26settings%3DeyJpZCI6MTM1OSwidXJsIjoiaHR0cHM6XC9cL3d3dy5ueWhlaW1jYW1waW5nLm5vXC93cC1jb250ZW50XC91cGxvYWRzXC8yMDI1XC8xMFwvSHl0dGUtMTVfMS53ZWJwIiwic2xpZGVzaG93IjoiNjdlZWEyZjQifQ%3D%3D\">\n\t\t\t\t\t<div class=\"e-gallery-image elementor-gallery-item__image\" data-thumbnail=\"https:\/\/www.nyheimcamping.no\/wp-content\/uploads\/2025\/10\/Hytte-15_1-1024x771.webp\" data-width=\"800\" data-height=\"602\" aria-label=\"\" role=\"img\" ><\/div>\n\t\t\t\t\t\t\t\t\t\t\t<div class=\"elementor-gallery-item__overlay\"><\/div>\n\t\t\t\t\t\t\t\t\t\t\t\t\t\t<\/a>\n\t\t\t\t\t\t\t<a class=\"e-gallery-item elementor-gallery-item elementor-animated-content\" href=\"https:\/\/www.nyheimcamping.no\/wp-content\/uploads\/2025\/10\/Hytte-15_2.webp\" data-elementor-open-lightbox=\"yes\" data-elementor-lightbox-slideshow=\"67eea2f4\" data-elementor-lightbox-title=\"Hytte 15_2\" data-e-action-hash=\"#elementor-action%3Aaction%3Dlightbox%26settings%3DeyJpZCI6MTM2MCwidXJsIjoiaHR0cHM6XC9cL3d3dy5ueWhlaW1jYW1waW5nLm5vXC93cC1jb250ZW50XC91cGxvYWRzXC8yMDI1XC8xMFwvSHl0dGUtMTVfMi53ZWJwIiwic2xpZGVzaG93IjoiNjdlZWEyZjQifQ%3D%3D\">\n\t\t\t\t\t<div class=\"e-gallery-image elementor-gallery-item__image\" data-thumbnail=\"https:\/\/www.nyheimcamping.no\/wp-content\/uploads\/2025\/10\/Hytte-15_2-1024x771.webp\" data-width=\"800\" data-height=\"602\" aria-label=\"\" role=\"img\" ><\/div>\n\t\t\t\t\t\t\t\t\t\t\t<div class=\"elementor-gallery-item__overlay\"><\/div>\n\t\t\t\t\t\t\t\t\t\t\t\t\t\t<\/a>\n\t\t\t\t\t\t\t<a class=\"e-gallery-item elementor-gallery-item elementor-animated-content\" href=\"https:\/\/www.nyheimcamping.no\/wp-content\/uploads\/2025\/10\/Hytte-15_3.webp\" data-elementor-open-lightbox=\"yes\" data-elementor-lightbox-slideshow=\"67eea2f4\" data-elementor-lightbox-title=\"Hytte 15_3\" data-e-action-hash=\"#elementor-action%3Aaction%3Dlightbox%26settings%3DeyJpZCI6MTM2MSwidXJsIjoiaHR0cHM6XC9cL3d3dy5ueWhlaW1jYW1waW5nLm5vXC93cC1jb250ZW50XC91cGxvYWRzXC8yMDI1XC8xMFwvSHl0dGUtMTVfMy53ZWJwIiwic2xpZGVzaG93IjoiNjdlZWEyZjQifQ%3D%3D\">\n\t\t\t\t\t<div class=\"e-gallery-image elementor-gallery-item__image\" data-thumbnail=\"https:\/\/www.nyheimcamping.no\/wp-content\/uploads\/2025\/10\/Hytte-15_3-771x1024.webp\" data-width=\"771\" data-height=\"1024\" aria-label=\"\" role=\"img\" ><\/div>\n\t\t\t\t\t\t\t\t\t\t\t<div class=\"elementor-gallery-item__overlay\"><\/div>\n\t\t\t\t\t\t\t\t\t\t\t\t\t\t<\/a>\n\t\t\t\t\t\t\t<a class=\"e-gallery-item elementor-gallery-item elementor-animated-content\" href=\"https:\/\/www.nyheimcamping.no\/wp-content\/uploads\/2025\/10\/Hytte-15_4.webp\" data-elementor-open-lightbox=\"yes\" data-elementor-lightbox-slideshow=\"67eea2f4\" data-elementor-lightbox-title=\"Hytte 15_4\" data-e-action-hash=\"#elementor-action%3Aaction%3Dlightbox%26settings%3DeyJpZCI6MTM2MiwidXJsIjoiaHR0cHM6XC9cL3d3dy5ueWhlaW1jYW1waW5nLm5vXC93cC1jb250ZW50XC91cGxvYWRzXC8yMDI1XC8xMFwvSHl0dGUtMTVfNC53ZWJwIiwic2xpZGVzaG93IjoiNjdlZWEyZjQifQ%3D%3D\">\n\t\t\t\t\t<div class=\"e-gallery-image elementor-gallery-item__image\" data-thumbnail=\"https:\/\/www.nyheimcamping.no\/wp-content\/uploads\/2025\/10\/Hytte-15_4-1024x771.webp\" data-width=\"800\" data-height=\"602\" aria-label=\"\" role=\"img\" ><\/div>\n\t\t\t\t\t\t\t\t\t\t\t<div class=\"elementor-gallery-item__overlay\"><\/div>\n\t\t\t\t\t\t\t\t\t\t\t\t\t\t<\/a>\n\t\t\t\t\t\t\t<a class=\"e-gallery-item elementor-gallery-item elementor-animated-content\" href=\"https:\/\/www.nyheimcamping.no\/wp-content\/uploads\/2025\/10\/Hytte-15_5.webp\" data-elementor-open-lightbox=\"yes\" data-elementor-lightbox-slideshow=\"67eea2f4\" data-elementor-lightbox-title=\"Hytte 15_5\" data-e-action-hash=\"#elementor-action%3Aaction%3Dlightbox%26settings%3DeyJpZCI6MTM2MywidXJsIjoiaHR0cHM6XC9cL3d3dy5ueWhlaW1jYW1waW5nLm5vXC93cC1jb250ZW50XC91cGxvYWRzXC8yMDI1XC8xMFwvSHl0dGUtMTVfNS53ZWJwIiwic2xpZGVzaG93IjoiNjdlZWEyZjQifQ%3D%3D\">\n\t\t\t\t\t<div class=\"e-gallery-image elementor-gallery-item__image\" data-thumbnail=\"https:\/\/www.nyheimcamping.no\/wp-content\/uploads\/2025\/10\/Hytte-15_5-1024x771.webp\" data-width=\"800\" data-height=\"602\" aria-label=\"\" role=\"img\" ><\/div>\n\t\t\t\t\t\t\t\t\t\t\t<div class=\"elementor-gallery-item__overlay\"><\/div>\n\t\t\t\t\t\t\t\t\t\t\t\t\t\t<\/a>\n\t\t\t\t\t\t\t<a class=\"e-gallery-item elementor-gallery-item elementor-animated-content\" href=\"https:\/\/www.nyheimcamping.no\/wp-content\/uploads\/2025\/10\/Hytte-15_6.webp\" data-elementor-open-lightbox=\"yes\" data-elementor-lightbox-slideshow=\"67eea2f4\" data-elementor-lightbox-title=\"Hytte 15_6\" data-e-action-hash=\"#elementor-action%3Aaction%3Dlightbox%26settings%3DeyJpZCI6MTM2NCwidXJsIjoiaHR0cHM6XC9cL3d3dy5ueWhlaW1jYW1waW5nLm5vXC93cC1jb250ZW50XC91cGxvYWRzXC8yMDI1XC8xMFwvSHl0dGUtMTVfNi53ZWJwIiwic2xpZGVzaG93IjoiNjdlZWEyZjQifQ%3D%3D\">\n\t\t\t\t\t<div class=\"e-gallery-image elementor-gallery-item__image\" data-thumbnail=\"https:\/\/www.nyheimcamping.no\/wp-content\/uploads\/2025\/10\/Hytte-15_6-1024x771.webp\" data-width=\"800\" data-height=\"602\" aria-label=\"\" role=\"img\" ><\/div>\n\t\t\t\t\t\t\t\t\t\t\t<div class=\"elementor-gallery-item__overlay\"><\/div>\n\t\t\t\t\t\t\t\t\t\t\t\t\t\t<\/a>\n\t\t\t\t\t<\/div>\n\t\t\t\t\t<\/div>\n\t\t\t\t<\/div>\n\t\t\t\t\t<\/div>\n\t\t\t\t<\/div>\n\t\t\t\t<\/div>","protected":false},"excerpt":{"rendered":"<p>Hytte 15 Vi har hytter i flere st\u00f8rrelser og i flere standarder. Alle hytter har str\u00f8m bortsett fra nr. 13, som har solcelleanlegg. Enkelte hytter har eget WC\/dusj i tillegg til TV. BOOKING BILDER<\/p>","protected":false},"author":1,"featured_media":0,"parent":0,"menu_order":0,"comment_status":"closed","ping_status":"closed","template":"","meta":{"footnotes":""},"class_list":["post-1339","page","type-page","status-publish","hentry"],"_links":{"self":[{"href":"https:\/\/www.nyheimcamping.no\/de\/wp-json\/wp\/v2\/pages\/1339","targetHints":{"allow":["GET"]}}],"collection":[{"href":"https:\/\/www.nyheimcamping.no\/de\/wp-json\/wp\/v2\/pages"}],"about":[{"href":"https:\/\/www.nyheimcamping.no\/de\/wp-json\/wp\/v2\/types\/page"}],"author":[{"embeddable":true,"href":"https:\/\/www.nyheimcamping.no\/de\/wp-json\/wp\/v2\/users\/1"}],"replies":[{"embeddable":true,"href":"https:\/\/www.nyheimcamping.no\/de\/wp-json\/wp\/v2\/comments?post=1339"}],"version-history":[{"count":5,"href":"https:\/\/www.nyheimcamping.no\/de\/wp-json\/wp\/v2\/pages\/1339\/revisions"}],"predecessor-version":[{"id":1387,"href":"https:\/\/www.nyheimcamping.no\/de\/wp-json\/wp\/v2\/pages\/1339\/revisions\/1387"}],"wp:attachment":[{"href":"https:\/\/www.nyheimcamping.no\/de\/wp-json\/wp\/v2\/media?parent=1339"}],"curies":[{"name":"wp","href":"https:\/\/api.w.org\/{rel}","templated":true}]}}