{"id":1372,"date":"2025-10-02T11:18:49","date_gmt":"2025-10-02T09:18:49","guid":{"rendered":"https:\/\/www.nyheimcamping.no\/?page_id=1372"},"modified":"2025-10-02T11:20:09","modified_gmt":"2025-10-02T09:20:09","slug":"leilighet-16","status":"publish","type":"page","link":"https:\/\/www.nyheimcamping.no\/de\/leilighet-16\/","title":{"rendered":"Wohnung 16"},"content":{"rendered":"<div data-elementor-type=\"wp-page\" data-elementor-id=\"1372\" class=\"elementor elementor-1372\" data-elementor-post-type=\"page\">\n\t\t\t\t<div class=\"elementor-element elementor-element-34dbaa3e e-flex e-con-boxed e-con e-parent\" data-id=\"34dbaa3e\" data-element_type=\"container\" data-e-type=\"container\">\n\t\t\t\t\t<div class=\"e-con-inner\">\n\t\t<div class=\"elementor-element elementor-element-41cf3c0f e-con-full e-flex e-con e-child\" data-id=\"41cf3c0f\" data-element_type=\"container\" data-e-type=\"container\">\n\t\t\t\t<div class=\"elementor-element elementor-element-401cd5 elementor-widget elementor-widget-heading\" data-id=\"401cd5\" data-element_type=\"widget\" data-e-type=\"widget\" data-widget_type=\"heading.default\">\n\t\t\t\t<div class=\"elementor-widget-container\">\n\t\t\t\t\t<h2 class=\"elementor-heading-title elementor-size-default\">Wohnung 16<\/h2>\t\t\t\t<\/div>\n\t\t\t\t<\/div>\n\t\t\t\t<div class=\"elementor-element elementor-element-3b7a5a74 elementor-widget elementor-widget-text-editor\" data-id=\"3b7a5a74\" data-element_type=\"widget\" data-e-type=\"widget\" data-widget_type=\"text-editor.default\">\n\t\t\t\t<div class=\"elementor-widget-container\">\n\t\t\t\t\t\t\t\t\t<div id=\"div_block-187-266\" class=\"ct-div-block\"><div id=\"div_block-188-266\" class=\"ct-div-block\"><div id=\"text_block-190-266\" class=\"ct-text-block\">Wir haben H\u00fctten in verschiedenen Gr\u00f6\u00dfen und in verschiedenen Standards. Alle H\u00fctten haben Stromanschluss, au\u00dfer Nr. 13, die \u00fcber Solarzellen verf\u00fcgt. Einige H\u00fctten haben zus\u00e4tzlich zum TV ein eigenes WC\/Dusche.<\/div><\/div><\/div>\t\t\t\t\t\t\t\t<\/div>\n\t\t\t\t<\/div>\n\t\t\t\t<div class=\"elementor-element elementor-element-14e3f117 elementor-mobile-align-center elementor-widget elementor-widget-button\" data-id=\"14e3f117\" data-element_type=\"widget\" data-e-type=\"widget\" data-widget_type=\"button.default\">\n\t\t\t\t<div class=\"elementor-widget-container\">\n\t\t\t\t\t\t\t\t\t<div class=\"elementor-button-wrapper\">\n\t\t\t\t\t<a class=\"elementor-button elementor-button-link elementor-size-sm\" href=\"https:\/\/reservations.visbook.com\/707?lang=en\" target=\"_blank\">\n\t\t\t\t\t\t<span class=\"elementor-button-content-wrapper\">\n\t\t\t\t\t\t\t\t\t<span class=\"elementor-button-text\">BUCHUNG<\/span>\n\t\t\t\t\t<\/span>\n\t\t\t\t\t<\/a>\n\t\t\t\t<\/div>\n\t\t\t\t\t\t\t\t<\/div>\n\t\t\t\t<\/div>\n\t\t\t\t<\/div>\n\t\t<div class=\"elementor-element elementor-element-5a68d936 e-con-full e-flex e-con e-child\" data-id=\"5a68d936\" data-element_type=\"container\" data-e-type=\"container\" data-settings=\"{&quot;background_background&quot;:&quot;classic&quot;}\">\n\t\t\t\t<\/div>\n\t\t\t\t\t<\/div>\n\t\t\t\t<\/div>\n\t\t<div class=\"elementor-element elementor-element-24b0a6b9 e-flex e-con-boxed e-con e-parent\" data-id=\"24b0a6b9\" data-element_type=\"container\" data-e-type=\"container\">\n\t\t\t\t\t<div class=\"e-con-inner\">\n\t\t\t\t<div class=\"elementor-element elementor-element-4c2f60f6 elementor-widget elementor-widget-heading\" data-id=\"4c2f60f6\" data-element_type=\"widget\" data-e-type=\"widget\" data-widget_type=\"heading.default\">\n\t\t\t\t<div class=\"elementor-widget-container\">\n\t\t\t\t\t<h2 class=\"elementor-heading-title elementor-size-default\">BILDER<\/h2>\t\t\t\t<\/div>\n\t\t\t\t<\/div>\n\t\t\t\t<div class=\"elementor-element elementor-element-524d8b5 elementor-widget-divider--view-line elementor-widget elementor-widget-divider\" data-id=\"524d8b5\" data-element_type=\"widget\" data-e-type=\"widget\" data-widget_type=\"divider.default\">\n\t\t\t\t<div class=\"elementor-widget-container\">\n\t\t\t\t\t\t\t<div class=\"elementor-divider\">\n\t\t\t<span class=\"elementor-divider-separator\">\n\t\t\t\t\t\t<\/span>\n\t\t<\/div>\n\t\t\t\t\t\t<\/div>\n\t\t\t\t<\/div>\n\t\t\t\t<div class=\"elementor-element elementor-element-6edc73cb elementor-widget elementor-widget-gallery\" data-id=\"6edc73cb\" data-element_type=\"widget\" data-e-type=\"widget\" data-settings=\"{&quot;columns&quot;:2,&quot;lazyload&quot;:&quot;yes&quot;,&quot;gallery_layout&quot;:&quot;grid&quot;,&quot;columns_tablet&quot;:2,&quot;columns_mobile&quot;:1,&quot;gap&quot;:{&quot;unit&quot;:&quot;px&quot;,&quot;size&quot;:10,&quot;sizes&quot;:[]},&quot;gap_tablet&quot;:{&quot;unit&quot;:&quot;px&quot;,&quot;size&quot;:10,&quot;sizes&quot;:[]},&quot;gap_mobile&quot;:{&quot;unit&quot;:&quot;px&quot;,&quot;size&quot;:10,&quot;sizes&quot;:[]},&quot;link_to&quot;:&quot;file&quot;,&quot;aspect_ratio&quot;:&quot;3:2&quot;,&quot;overlay_background&quot;:&quot;yes&quot;,&quot;content_hover_animation&quot;:&quot;fade-in&quot;}\" data-widget_type=\"gallery.default\">\n\t\t\t\t<div class=\"elementor-widget-container\">\n\t\t\t\t\t\t\t<div class=\"elementor-gallery__container\">\n\t\t\t\t\t\t\t<a class=\"e-gallery-item elementor-gallery-item elementor-animated-content\" href=\"https:\/\/www.nyheimcamping.no\/wp-content\/uploads\/2025\/10\/Leilighet-16_1.webp\" data-elementor-open-lightbox=\"yes\" data-elementor-lightbox-slideshow=\"6edc73cb\" data-elementor-lightbox-title=\"Leilighet 16_1\" data-e-action-hash=\"#elementor-action%3Aaction%3Dlightbox%26settings%3DeyJpZCI6MTM1MywidXJsIjoiaHR0cHM6XC9cL3d3dy5ueWhlaW1jYW1waW5nLm5vXC93cC1jb250ZW50XC91cGxvYWRzXC8yMDI1XC8xMFwvTGVpbGlnaGV0LTE2XzEud2VicCIsInNsaWRlc2hvdyI6IjZlZGM3M2NiIn0%3D\">\n\t\t\t\t\t<div class=\"e-gallery-image elementor-gallery-item__image\" data-thumbnail=\"https:\/\/www.nyheimcamping.no\/wp-content\/uploads\/2025\/10\/Leilighet-16_1-1024x682.webp\" data-width=\"800\" data-height=\"533\" aria-label=\"\" role=\"img\" ><\/div>\n\t\t\t\t\t\t\t\t\t\t\t<div class=\"elementor-gallery-item__overlay\"><\/div>\n\t\t\t\t\t\t\t\t\t\t\t\t\t\t<\/a>\n\t\t\t\t\t\t\t<a class=\"e-gallery-item elementor-gallery-item elementor-animated-content\" href=\"https:\/\/www.nyheimcamping.no\/wp-content\/uploads\/2025\/10\/Leilighet-16_2.webp\" data-elementor-open-lightbox=\"yes\" data-elementor-lightbox-slideshow=\"6edc73cb\" data-elementor-lightbox-title=\"Leilighet 16_2\" data-e-action-hash=\"#elementor-action%3Aaction%3Dlightbox%26settings%3DeyJpZCI6MTM1NCwidXJsIjoiaHR0cHM6XC9cL3d3dy5ueWhlaW1jYW1waW5nLm5vXC93cC1jb250ZW50XC91cGxvYWRzXC8yMDI1XC8xMFwvTGVpbGlnaGV0LTE2XzIud2VicCIsInNsaWRlc2hvdyI6IjZlZGM3M2NiIn0%3D\">\n\t\t\t\t\t<div class=\"e-gallery-image elementor-gallery-item__image\" data-thumbnail=\"https:\/\/www.nyheimcamping.no\/wp-content\/uploads\/2025\/10\/Leilighet-16_2-1024x682.webp\" data-width=\"800\" data-height=\"533\" aria-label=\"\" role=\"img\" ><\/div>\n\t\t\t\t\t\t\t\t\t\t\t<div class=\"elementor-gallery-item__overlay\"><\/div>\n\t\t\t\t\t\t\t\t\t\t\t\t\t\t<\/a>\n\t\t\t\t\t\t\t<a class=\"e-gallery-item elementor-gallery-item elementor-animated-content\" href=\"https:\/\/www.nyheimcamping.no\/wp-content\/uploads\/2025\/10\/Leilighet-16_3.webp\" data-elementor-open-lightbox=\"yes\" data-elementor-lightbox-slideshow=\"6edc73cb\" data-elementor-lightbox-title=\"Leilighet 16_3\" data-e-action-hash=\"#elementor-action%3Aaction%3Dlightbox%26settings%3DeyJpZCI6MTM1NSwidXJsIjoiaHR0cHM6XC9cL3d3dy5ueWhlaW1jYW1waW5nLm5vXC93cC1jb250ZW50XC91cGxvYWRzXC8yMDI1XC8xMFwvTGVpbGlnaGV0LTE2XzMud2VicCIsInNsaWRlc2hvdyI6IjZlZGM3M2NiIn0%3D\">\n\t\t\t\t\t<div class=\"e-gallery-image elementor-gallery-item__image\" data-thumbnail=\"https:\/\/www.nyheimcamping.no\/wp-content\/uploads\/2025\/10\/Leilighet-16_3-1024x682.webp\" data-width=\"800\" data-height=\"533\" aria-label=\"\" role=\"img\" ><\/div>\n\t\t\t\t\t\t\t\t\t\t\t<div class=\"elementor-gallery-item__overlay\"><\/div>\n\t\t\t\t\t\t\t\t\t\t\t\t\t\t<\/a>\n\t\t\t\t\t\t\t<a class=\"e-gallery-item elementor-gallery-item elementor-animated-content\" href=\"https:\/\/www.nyheimcamping.no\/wp-content\/uploads\/2025\/10\/Leilighet-16_4.webp\" data-elementor-open-lightbox=\"yes\" data-elementor-lightbox-slideshow=\"6edc73cb\" data-elementor-lightbox-title=\"Leilighet 16_4\" data-e-action-hash=\"#elementor-action%3Aaction%3Dlightbox%26settings%3DeyJpZCI6MTM1NiwidXJsIjoiaHR0cHM6XC9cL3d3dy5ueWhlaW1jYW1waW5nLm5vXC93cC1jb250ZW50XC91cGxvYWRzXC8yMDI1XC8xMFwvTGVpbGlnaGV0LTE2XzQud2VicCIsInNsaWRlc2hvdyI6IjZlZGM3M2NiIn0%3D\">\n\t\t\t\t\t<div class=\"e-gallery-image elementor-gallery-item__image\" data-thumbnail=\"https:\/\/www.nyheimcamping.no\/wp-content\/uploads\/2025\/10\/Leilighet-16_4-682x1024.webp\" data-width=\"682\" data-height=\"1024\" aria-label=\"\" role=\"img\" ><\/div>\n\t\t\t\t\t\t\t\t\t\t\t<div class=\"elementor-gallery-item__overlay\"><\/div>\n\t\t\t\t\t\t\t\t\t\t\t\t\t\t<\/a>\n\t\t\t\t\t\t\t<a class=\"e-gallery-item elementor-gallery-item elementor-animated-content\" href=\"https:\/\/www.nyheimcamping.no\/wp-content\/uploads\/2025\/10\/Leilighet-16_5.webp\" data-elementor-open-lightbox=\"yes\" data-elementor-lightbox-slideshow=\"6edc73cb\" data-elementor-lightbox-title=\"Leilighet 16_5\" data-e-action-hash=\"#elementor-action%3Aaction%3Dlightbox%26settings%3DeyJpZCI6MTM1NywidXJsIjoiaHR0cHM6XC9cL3d3dy5ueWhlaW1jYW1waW5nLm5vXC93cC1jb250ZW50XC91cGxvYWRzXC8yMDI1XC8xMFwvTGVpbGlnaGV0LTE2XzUud2VicCIsInNsaWRlc2hvdyI6IjZlZGM3M2NiIn0%3D\">\n\t\t\t\t\t<div class=\"e-gallery-image elementor-gallery-item__image\" data-thumbnail=\"https:\/\/www.nyheimcamping.no\/wp-content\/uploads\/2025\/10\/Leilighet-16_5-682x1024.webp\" data-width=\"682\" data-height=\"1024\" aria-label=\"\" role=\"img\" ><\/div>\n\t\t\t\t\t\t\t\t\t\t\t<div class=\"elementor-gallery-item__overlay\"><\/div>\n\t\t\t\t\t\t\t\t\t\t\t\t\t\t<\/a>\n\t\t\t\t\t\t\t<a class=\"e-gallery-item elementor-gallery-item elementor-animated-content\" href=\"https:\/\/www.nyheimcamping.no\/wp-content\/uploads\/2025\/10\/Leilighet-16_6.webp\" data-elementor-open-lightbox=\"yes\" data-elementor-lightbox-slideshow=\"6edc73cb\" data-elementor-lightbox-title=\"Leilighet 16_6\" data-e-action-hash=\"#elementor-action%3Aaction%3Dlightbox%26settings%3DeyJpZCI6MTM1OCwidXJsIjoiaHR0cHM6XC9cL3d3dy5ueWhlaW1jYW1waW5nLm5vXC93cC1jb250ZW50XC91cGxvYWRzXC8yMDI1XC8xMFwvTGVpbGlnaGV0LTE2XzYud2VicCIsInNsaWRlc2hvdyI6IjZlZGM3M2NiIn0%3D\">\n\t\t\t\t\t<div class=\"e-gallery-image elementor-gallery-item__image\" data-thumbnail=\"https:\/\/www.nyheimcamping.no\/wp-content\/uploads\/2025\/10\/Leilighet-16_6-682x1024.jpg\" data-width=\"682\" data-height=\"1024\" aria-label=\"\" role=\"img\" ><\/div>\n\t\t\t\t\t\t\t\t\t\t\t<div class=\"elementor-gallery-item__overlay\"><\/div>\n\t\t\t\t\t\t\t\t\t\t\t\t\t\t<\/a>\n\t\t\t\t\t<\/div>\n\t\t\t\t\t<\/div>\n\t\t\t\t<\/div>\n\t\t\t\t\t<\/div>\n\t\t\t\t<\/div>\n\t\t\t\t<\/div>","protected":false},"excerpt":{"rendered":"<p>Leilighet 16 Vi har hytter i flere st\u00f8rrelser og i flere standarder. Alle hytter har str\u00f8m bortsett fra nr. 13, som har solcelleanlegg. Enkelte hytter har eget WC\/dusj i tillegg til TV. BOOKING BILDER<\/p>","protected":false},"author":1,"featured_media":0,"parent":0,"menu_order":0,"comment_status":"closed","ping_status":"closed","template":"","meta":{"footnotes":""},"class_list":["post-1372","page","type-page","status-publish","hentry"],"_links":{"self":[{"href":"https:\/\/www.nyheimcamping.no\/de\/wp-json\/wp\/v2\/pages\/1372","targetHints":{"allow":["GET"]}}],"collection":[{"href":"https:\/\/www.nyheimcamping.no\/de\/wp-json\/wp\/v2\/pages"}],"about":[{"href":"https:\/\/www.nyheimcamping.no\/de\/wp-json\/wp\/v2\/types\/page"}],"author":[{"embeddable":true,"href":"https:\/\/www.nyheimcamping.no\/de\/wp-json\/wp\/v2\/users\/1"}],"replies":[{"embeddable":true,"href":"https:\/\/www.nyheimcamping.no\/de\/wp-json\/wp\/v2\/comments?post=1372"}],"version-history":[{"count":4,"href":"https:\/\/www.nyheimcamping.no\/de\/wp-json\/wp\/v2\/pages\/1372\/revisions"}],"predecessor-version":[{"id":1378,"href":"https:\/\/www.nyheimcamping.no\/de\/wp-json\/wp\/v2\/pages\/1372\/revisions\/1378"}],"wp:attachment":[{"href":"https:\/\/www.nyheimcamping.no\/de\/wp-json\/wp\/v2\/media?parent=1372"}],"curies":[{"name":"wp","href":"https:\/\/api.w.org\/{rel}","templated":true}]}}