{"id":1399,"date":"2025-10-02T11:28:53","date_gmt":"2025-10-02T09:28:53","guid":{"rendered":"https:\/\/www.nyheimcamping.no\/?page_id=1399"},"modified":"2025-10-02T11:38:17","modified_gmt":"2025-10-02T09:38:17","slug":"camping","status":"publish","type":"page","link":"https:\/\/www.nyheimcamping.no\/de\/camping\/","title":{"rendered":"Camping und Caravaning"},"content":{"rendered":"<div data-elementor-type=\"wp-page\" data-elementor-id=\"1399\" class=\"elementor elementor-1399\" data-elementor-post-type=\"page\">\n\t\t\t\t<div class=\"elementor-element elementor-element-7ae234 e-flex e-con-boxed e-con e-parent\" data-id=\"7ae234\" data-element_type=\"container\" data-e-type=\"container\">\n\t\t\t\t\t<div class=\"e-con-inner\">\n\t\t<div class=\"elementor-element elementor-element-4890306e e-con-full e-flex e-con e-child\" data-id=\"4890306e\" data-element_type=\"container\" data-e-type=\"container\">\n\t\t\t\t<div class=\"elementor-element elementor-element-7c6da295 elementor-widget elementor-widget-heading\" data-id=\"7c6da295\" data-element_type=\"widget\" data-e-type=\"widget\" data-widget_type=\"heading.default\">\n\t\t\t\t<div class=\"elementor-widget-container\">\n\t\t\t\t\t<h2 class=\"elementor-heading-title elementor-size-default\">Wohnmobile, Wohnwagen und Zelte<\/h2>\t\t\t\t<\/div>\n\t\t\t\t<\/div>\n\t\t\t\t<div class=\"elementor-element elementor-element-719e7dd2 elementor-widget elementor-widget-text-editor\" data-id=\"719e7dd2\" data-element_type=\"widget\" data-e-type=\"widget\" data-widget_type=\"text-editor.default\">\n\t\t\t\t<div class=\"elementor-widget-container\">\n\t\t\t\t\t\t\t\t\t<div id=\"div_block-187-266\" class=\"ct-div-block\"><div id=\"div_block-188-266\" class=\"ct-div-block\"><div id=\"text_block-190-266\" class=\"ct-text-block\">Wir verf\u00fcgen \u00fcber H\u00fctten unterschiedlicher Gr\u00f6\u00dfe und Ausstattung sowie \u00fcber Stellpl\u00e4tze f\u00fcr Wohnmobile und Wohnwagen. Es gibt auch M\u00f6glichkeiten zum Zelten. Der Campingplatz liegt direkt an der Autobahn E6 und in der N\u00e4he des Angelflusses Namsen. Hier kann man angeln und Boote ausleihen. Der Campingplatz ist von einer sch\u00f6nen Landschaft umgeben, und Sie k\u00f6nnen gem\u00fctliche Wanderwege entlang spazieren. Der Campingplatz verf\u00fcgt \u00fcber einen drahtlosen Breitbandanschluss (WLAN).<\/div><\/div><\/div>\t\t\t\t\t\t\t\t<\/div>\n\t\t\t\t<\/div>\n\t\t\t\t<div class=\"elementor-element elementor-element-43c8fd5 elementor-mobile-align-center elementor-widget elementor-widget-button\" data-id=\"43c8fd5\" data-element_type=\"widget\" data-e-type=\"widget\" data-widget_type=\"button.default\">\n\t\t\t\t<div class=\"elementor-widget-container\">\n\t\t\t\t\t\t\t\t\t<div class=\"elementor-button-wrapper\">\n\t\t\t\t\t<a class=\"elementor-button elementor-button-link elementor-size-sm\" href=\"https:\/\/reservations.visbook.com\/707?lang=en\" target=\"_blank\">\n\t\t\t\t\t\t<span class=\"elementor-button-content-wrapper\">\n\t\t\t\t\t\t\t\t\t<span class=\"elementor-button-text\">BUCHUNG<\/span>\n\t\t\t\t\t<\/span>\n\t\t\t\t\t<\/a>\n\t\t\t\t<\/div>\n\t\t\t\t\t\t\t\t<\/div>\n\t\t\t\t<\/div>\n\t\t\t\t<\/div>\n\t\t<div class=\"elementor-element elementor-element-2fd88914 e-con-full e-flex e-con e-child\" data-id=\"2fd88914\" data-element_type=\"container\" data-e-type=\"container\" data-settings=\"{&quot;background_background&quot;:&quot;classic&quot;}\">\n\t\t\t\t<\/div>\n\t\t\t\t\t<\/div>\n\t\t\t\t<\/div>\n\t\t<div class=\"elementor-element elementor-element-34cb116 e-flex e-con-boxed e-con e-parent\" data-id=\"34cb116\" data-element_type=\"container\" data-e-type=\"container\">\n\t\t\t\t\t<div class=\"e-con-inner\">\n\t\t\t\t<div class=\"elementor-element elementor-element-21548558 elementor-widget elementor-widget-heading\" data-id=\"21548558\" data-element_type=\"widget\" data-e-type=\"widget\" data-widget_type=\"heading.default\">\n\t\t\t\t<div class=\"elementor-widget-container\">\n\t\t\t\t\t<h2 class=\"elementor-heading-title elementor-size-default\">BILDER<\/h2>\t\t\t\t<\/div>\n\t\t\t\t<\/div>\n\t\t\t\t<div class=\"elementor-element elementor-element-173a8823 elementor-widget-divider--view-line elementor-widget elementor-widget-divider\" data-id=\"173a8823\" data-element_type=\"widget\" data-e-type=\"widget\" data-widget_type=\"divider.default\">\n\t\t\t\t<div class=\"elementor-widget-container\">\n\t\t\t\t\t\t\t<div class=\"elementor-divider\">\n\t\t\t<span class=\"elementor-divider-separator\">\n\t\t\t\t\t\t<\/span>\n\t\t<\/div>\n\t\t\t\t\t\t<\/div>\n\t\t\t\t<\/div>\n\t\t\t\t<div class=\"elementor-element elementor-element-128d3ac4 elementor-widget elementor-widget-gallery\" data-id=\"128d3ac4\" data-element_type=\"widget\" data-e-type=\"widget\" data-settings=\"{&quot;columns&quot;:2,&quot;lazyload&quot;:&quot;yes&quot;,&quot;gallery_layout&quot;:&quot;grid&quot;,&quot;columns_tablet&quot;:2,&quot;columns_mobile&quot;:1,&quot;gap&quot;:{&quot;unit&quot;:&quot;px&quot;,&quot;size&quot;:10,&quot;sizes&quot;:[]},&quot;gap_tablet&quot;:{&quot;unit&quot;:&quot;px&quot;,&quot;size&quot;:10,&quot;sizes&quot;:[]},&quot;gap_mobile&quot;:{&quot;unit&quot;:&quot;px&quot;,&quot;size&quot;:10,&quot;sizes&quot;:[]},&quot;link_to&quot;:&quot;file&quot;,&quot;aspect_ratio&quot;:&quot;3:2&quot;,&quot;overlay_background&quot;:&quot;yes&quot;,&quot;content_hover_animation&quot;:&quot;fade-in&quot;}\" data-widget_type=\"gallery.default\">\n\t\t\t\t<div class=\"elementor-widget-container\">\n\t\t\t\t\t\t\t<div class=\"elementor-gallery__container\">\n\t\t\t\t\t\t\t<a class=\"e-gallery-item elementor-gallery-item elementor-animated-content\" href=\"https:\/\/www.nyheimcamping.no\/wp-content\/uploads\/2025\/10\/Dronebilde-Nyheim-camping_1.webp\" data-elementor-open-lightbox=\"yes\" data-elementor-lightbox-slideshow=\"128d3ac4\" data-elementor-lightbox-title=\"Dronebilde Nyheim camping_1\" data-e-action-hash=\"#elementor-action%3Aaction%3Dlightbox%26settings%3DeyJpZCI6MTQwMiwidXJsIjoiaHR0cHM6XC9cL3d3dy5ueWhlaW1jYW1waW5nLm5vXC93cC1jb250ZW50XC91cGxvYWRzXC8yMDI1XC8xMFwvRHJvbmViaWxkZS1OeWhlaW0tY2FtcGluZ18xLndlYnAiLCJzbGlkZXNob3ciOiIxMjhkM2FjNCJ9\">\n\t\t\t\t\t<div class=\"e-gallery-image elementor-gallery-item__image\" data-thumbnail=\"https:\/\/www.nyheimcamping.no\/wp-content\/uploads\/2025\/10\/Dronebilde-Nyheim-camping_1-1024x767.jpg\" data-width=\"800\" data-height=\"599\" aria-label=\"\" role=\"img\" ><\/div>\n\t\t\t\t\t\t\t\t\t\t\t<div class=\"elementor-gallery-item__overlay\"><\/div>\n\t\t\t\t\t\t\t\t\t\t\t\t\t\t<\/a>\n\t\t\t\t\t\t\t<a class=\"e-gallery-item elementor-gallery-item elementor-animated-content\" href=\"https:\/\/www.nyheimcamping.no\/wp-content\/uploads\/2025\/10\/Teltplass_1.webp\" data-elementor-open-lightbox=\"yes\" data-elementor-lightbox-slideshow=\"128d3ac4\" data-elementor-lightbox-title=\"Teltplass_1\" data-e-action-hash=\"#elementor-action%3Aaction%3Dlightbox%26settings%3DeyJpZCI6MTQxMCwidXJsIjoiaHR0cHM6XC9cL3d3dy5ueWhlaW1jYW1waW5nLm5vXC93cC1jb250ZW50XC91cGxvYWRzXC8yMDI1XC8xMFwvVGVsdHBsYXNzXzEud2VicCIsInNsaWRlc2hvdyI6IjEyOGQzYWM0In0%3D\">\n\t\t\t\t\t<div class=\"e-gallery-image elementor-gallery-item__image\" data-thumbnail=\"https:\/\/www.nyheimcamping.no\/wp-content\/uploads\/2025\/10\/Teltplass_1-1024x771.webp\" data-width=\"800\" data-height=\"602\" aria-label=\"\" role=\"img\" ><\/div>\n\t\t\t\t\t\t\t\t\t\t\t<div class=\"elementor-gallery-item__overlay\"><\/div>\n\t\t\t\t\t\t\t\t\t\t\t\t\t\t<\/a>\n\t\t\t\t\t\t\t<a class=\"e-gallery-item elementor-gallery-item elementor-animated-content\" href=\"https:\/\/www.nyheimcamping.no\/wp-content\/uploads\/2025\/10\/109575109_1715854931897017_7349909063484388157_n.webp\" data-elementor-open-lightbox=\"yes\" data-elementor-lightbox-slideshow=\"128d3ac4\" data-elementor-lightbox-title=\"109575109_1715854931897017_7349909063484388157_n\" data-e-action-hash=\"#elementor-action%3Aaction%3Dlightbox%26settings%3DeyJpZCI6MTQxOCwidXJsIjoiaHR0cHM6XC9cL3d3dy5ueWhlaW1jYW1waW5nLm5vXC93cC1jb250ZW50XC91cGxvYWRzXC8yMDI1XC8xMFwvMTA5NTc1MTA5XzE3MTU4NTQ5MzE4OTcwMTdfNzM0OTkwOTA2MzQ4NDM4ODE1N19uLndlYnAiLCJzbGlkZXNob3ciOiIxMjhkM2FjNCJ9\">\n\t\t\t\t\t<div class=\"e-gallery-image elementor-gallery-item__image\" data-thumbnail=\"https:\/\/www.nyheimcamping.no\/wp-content\/uploads\/2025\/10\/109575109_1715854931897017_7349909063484388157_n-767x1024.webp\" data-width=\"767\" data-height=\"1024\" aria-label=\"\" role=\"img\" ><\/div>\n\t\t\t\t\t\t\t\t\t\t\t<div class=\"elementor-gallery-item__overlay\"><\/div>\n\t\t\t\t\t\t\t\t\t\t\t\t\t\t<\/a>\n\t\t\t\t\t\t\t<a class=\"e-gallery-item elementor-gallery-item elementor-animated-content\" href=\"https:\/\/www.nyheimcamping.no\/wp-content\/uploads\/2025\/10\/109279554_1715854888563688_1995261801762444221_n.webp\" data-elementor-open-lightbox=\"yes\" data-elementor-lightbox-slideshow=\"128d3ac4\" data-elementor-lightbox-title=\"109279554_1715854888563688_1995261801762444221_n\" data-e-action-hash=\"#elementor-action%3Aaction%3Dlightbox%26settings%3DeyJpZCI6MTQxNiwidXJsIjoiaHR0cHM6XC9cL3d3dy5ueWhlaW1jYW1waW5nLm5vXC93cC1jb250ZW50XC91cGxvYWRzXC8yMDI1XC8xMFwvMTA5Mjc5NTU0XzE3MTU4NTQ4ODg1NjM2ODhfMTk5NTI2MTgwMTc2MjQ0NDIyMV9uLndlYnAiLCJzbGlkZXNob3ciOiIxMjhkM2FjNCJ9\">\n\t\t\t\t\t<div class=\"e-gallery-image elementor-gallery-item__image\" data-thumbnail=\"https:\/\/www.nyheimcamping.no\/wp-content\/uploads\/2025\/10\/109279554_1715854888563688_1995261801762444221_n-767x1024.jpg\" data-width=\"767\" data-height=\"1024\" aria-label=\"\" role=\"img\" ><\/div>\n\t\t\t\t\t\t\t\t\t\t\t<div class=\"elementor-gallery-item__overlay\"><\/div>\n\t\t\t\t\t\t\t\t\t\t\t\t\t\t<\/a>\n\t\t\t\t\t\t\t<a class=\"e-gallery-item elementor-gallery-item elementor-animated-content\" href=\"https:\/\/www.nyheimcamping.no\/wp-content\/uploads\/2025\/10\/108130741_1715854948563682_1337986772176482311_n.webp\" data-elementor-open-lightbox=\"yes\" data-elementor-lightbox-slideshow=\"128d3ac4\" data-elementor-lightbox-title=\"108130741_1715854948563682_1337986772176482311_n\" data-e-action-hash=\"#elementor-action%3Aaction%3Dlightbox%26settings%3DeyJpZCI6MTQxMiwidXJsIjoiaHR0cHM6XC9cL3d3dy5ueWhlaW1jYW1waW5nLm5vXC93cC1jb250ZW50XC91cGxvYWRzXC8yMDI1XC8xMFwvMTA4MTMwNzQxXzE3MTU4NTQ5NDg1NjM2ODJfMTMzNzk4Njc3MjE3NjQ4MjMxMV9uLndlYnAiLCJzbGlkZXNob3ciOiIxMjhkM2FjNCJ9\">\n\t\t\t\t\t<div class=\"e-gallery-image elementor-gallery-item__image\" data-thumbnail=\"https:\/\/www.nyheimcamping.no\/wp-content\/uploads\/2025\/10\/108130741_1715854948563682_1337986772176482311_n-767x1024.webp\" data-width=\"767\" data-height=\"1024\" aria-label=\"\" role=\"img\" ><\/div>\n\t\t\t\t\t\t\t\t\t\t\t<div class=\"elementor-gallery-item__overlay\"><\/div>\n\t\t\t\t\t\t\t\t\t\t\t\t\t\t<\/a>\n\t\t\t\t\t\t\t<a class=\"e-gallery-item elementor-gallery-item elementor-animated-content\" href=\"https:\/\/www.nyheimcamping.no\/wp-content\/uploads\/2025\/10\/66410270_1376490192500161_6246947120767565824_n.webp\" data-elementor-open-lightbox=\"yes\" data-elementor-lightbox-slideshow=\"128d3ac4\" data-elementor-lightbox-title=\"66410270_1376490192500161_6246947120767565824_n\" data-e-action-hash=\"#elementor-action%3Aaction%3Dlightbox%26settings%3DeyJpZCI6MTQxMywidXJsIjoiaHR0cHM6XC9cL3d3dy5ueWhlaW1jYW1waW5nLm5vXC93cC1jb250ZW50XC91cGxvYWRzXC8yMDI1XC8xMFwvNjY0MTAyNzBfMTM3NjQ5MDE5MjUwMDE2MV82MjQ2OTQ3MTIwNzY3NTY1ODI0X24ud2VicCIsInNsaWRlc2hvdyI6IjEyOGQzYWM0In0%3D\">\n\t\t\t\t\t<div class=\"e-gallery-image elementor-gallery-item__image\" data-thumbnail=\"https:\/\/www.nyheimcamping.no\/wp-content\/uploads\/2025\/10\/66410270_1376490192500161_6246947120767565824_n.webp\" data-width=\"800\" data-height=\"600\" aria-label=\"\" role=\"img\" ><\/div>\n\t\t\t\t\t\t\t\t\t\t\t<div class=\"elementor-gallery-item__overlay\"><\/div>\n\t\t\t\t\t\t\t\t\t\t\t\t\t\t<\/a>\n\t\t\t\t\t\t\t<a class=\"e-gallery-item elementor-gallery-item elementor-animated-content\" href=\"https:\/\/www.nyheimcamping.no\/wp-content\/uploads\/2025\/10\/66203157_1376490089166838_4686858692115562496_n.webp\" data-elementor-open-lightbox=\"yes\" data-elementor-lightbox-slideshow=\"128d3ac4\" data-elementor-lightbox-title=\"66203157_1376490089166838_4686858692115562496_n\" data-e-action-hash=\"#elementor-action%3Aaction%3Dlightbox%26settings%3DeyJpZCI6MTQxNCwidXJsIjoiaHR0cHM6XC9cL3d3dy5ueWhlaW1jYW1waW5nLm5vXC93cC1jb250ZW50XC91cGxvYWRzXC8yMDI1XC8xMFwvNjYyMDMxNTdfMTM3NjQ5MDA4OTE2NjgzOF80Njg2ODU4NjkyMTE1NTYyNDk2X24ud2VicCIsInNsaWRlc2hvdyI6IjEyOGQzYWM0In0%3D\">\n\t\t\t\t\t<div class=\"e-gallery-image elementor-gallery-item__image\" data-thumbnail=\"https:\/\/www.nyheimcamping.no\/wp-content\/uploads\/2025\/10\/66203157_1376490089166838_4686858692115562496_n.webp\" data-width=\"720\" data-height=\"960\" aria-label=\"\" role=\"img\" ><\/div>\n\t\t\t\t\t\t\t\t\t\t\t<div class=\"elementor-gallery-item__overlay\"><\/div>\n\t\t\t\t\t\t\t\t\t\t\t\t\t\t<\/a>\n\t\t\t\t\t\t\t<a class=\"e-gallery-item elementor-gallery-item elementor-animated-content\" href=\"https:\/\/www.nyheimcamping.no\/wp-content\/uploads\/2025\/10\/66423550_1376490132500167_5861602989977894912_n.webp\" data-elementor-open-lightbox=\"yes\" data-elementor-lightbox-slideshow=\"128d3ac4\" data-elementor-lightbox-title=\"66423550_1376490132500167_5861602989977894912_n\" data-e-action-hash=\"#elementor-action%3Aaction%3Dlightbox%26settings%3DeyJpZCI6MTQxNSwidXJsIjoiaHR0cHM6XC9cL3d3dy5ueWhlaW1jYW1waW5nLm5vXC93cC1jb250ZW50XC91cGxvYWRzXC8yMDI1XC8xMFwvNjY0MjM1NTBfMTM3NjQ5MDEzMjUwMDE2N181ODYxNjAyOTg5OTc3ODk0OTEyX24ud2VicCIsInNsaWRlc2hvdyI6IjEyOGQzYWM0In0%3D\">\n\t\t\t\t\t<div class=\"e-gallery-image elementor-gallery-item__image\" data-thumbnail=\"https:\/\/www.nyheimcamping.no\/wp-content\/uploads\/2025\/10\/66423550_1376490132500167_5861602989977894912_n.webp\" data-width=\"800\" data-height=\"600\" aria-label=\"\" role=\"img\" ><\/div>\n\t\t\t\t\t\t\t\t\t\t\t<div class=\"elementor-gallery-item__overlay\"><\/div>\n\t\t\t\t\t\t\t\t\t\t\t\t\t\t<\/a>\n\t\t\t\t\t\t\t<a class=\"e-gallery-item elementor-gallery-item elementor-animated-content\" href=\"https:\/\/www.nyheimcamping.no\/wp-content\/uploads\/2025\/10\/109330401_1715854905230353_5641176333949081204_n.webp\" data-elementor-open-lightbox=\"yes\" data-elementor-lightbox-slideshow=\"128d3ac4\" data-elementor-lightbox-title=\"109330401_1715854905230353_5641176333949081204_n\" data-e-action-hash=\"#elementor-action%3Aaction%3Dlightbox%26settings%3DeyJpZCI6MTQxNywidXJsIjoiaHR0cHM6XC9cL3d3dy5ueWhlaW1jYW1waW5nLm5vXC93cC1jb250ZW50XC91cGxvYWRzXC8yMDI1XC8xMFwvMTA5MzMwNDAxXzE3MTU4NTQ5MDUyMzAzNTNfNTY0MTE3NjMzMzk0OTA4MTIwNF9uLndlYnAiLCJzbGlkZXNob3ciOiIxMjhkM2FjNCJ9\">\n\t\t\t\t\t<div class=\"e-gallery-image elementor-gallery-item__image\" data-thumbnail=\"https:\/\/www.nyheimcamping.no\/wp-content\/uploads\/2025\/10\/109330401_1715854905230353_5641176333949081204_n-767x1024.webp\" data-width=\"767\" data-height=\"1024\" aria-label=\"\" role=\"img\" ><\/div>\n\t\t\t\t\t\t\t\t\t\t\t<div class=\"elementor-gallery-item__overlay\"><\/div>\n\t\t\t\t\t\t\t\t\t\t\t\t\t\t<\/a>\n\t\t\t\t\t\t\t<a class=\"e-gallery-item elementor-gallery-item elementor-animated-content\" href=\"https:\/\/www.nyheimcamping.no\/wp-content\/uploads\/2025\/10\/300622155_504220925039742_4181438365630800972_n.webp\" data-elementor-open-lightbox=\"yes\" data-elementor-lightbox-slideshow=\"128d3ac4\" data-elementor-lightbox-title=\"300622155_504220925039742_4181438365630800972_n\" data-e-action-hash=\"#elementor-action%3Aaction%3Dlightbox%26settings%3DeyJpZCI6MTQxMSwidXJsIjoiaHR0cHM6XC9cL3d3dy5ueWhlaW1jYW1waW5nLm5vXC93cC1jb250ZW50XC91cGxvYWRzXC8yMDI1XC8xMFwvMzAwNjIyMTU1XzUwNDIyMDkyNTAzOTc0Ml80MTgxNDM4MzY1NjMwODAwOTcyX24ud2VicCIsInNsaWRlc2hvdyI6IjEyOGQzYWM0In0%3D\">\n\t\t\t\t\t<div class=\"e-gallery-image elementor-gallery-item__image\" data-thumbnail=\"https:\/\/www.nyheimcamping.no\/wp-content\/uploads\/2025\/10\/300622155_504220925039742_4181438365630800972_n.webp\" data-width=\"800\" data-height=\"802\" aria-label=\"\" role=\"img\" ><\/div>\n\t\t\t\t\t\t\t\t\t\t\t<div class=\"elementor-gallery-item__overlay\"><\/div>\n\t\t\t\t\t\t\t\t\t\t\t\t\t\t<\/a>\n\t\t\t\t\t\t\t<a class=\"e-gallery-item elementor-gallery-item elementor-animated-content\" href=\"https:\/\/www.nyheimcamping.no\/wp-content\/uploads\/2025\/10\/Dronebilde-Nyheim-camping_8.webp\" data-elementor-open-lightbox=\"yes\" data-elementor-lightbox-slideshow=\"128d3ac4\" data-elementor-lightbox-title=\"Dronebilde Nyheim camping_8\" data-e-action-hash=\"#elementor-action%3Aaction%3Dlightbox%26settings%3DeyJpZCI6MTQwOSwidXJsIjoiaHR0cHM6XC9cL3d3dy5ueWhlaW1jYW1waW5nLm5vXC93cC1jb250ZW50XC91cGxvYWRzXC8yMDI1XC8xMFwvRHJvbmViaWxkZS1OeWhlaW0tY2FtcGluZ184LndlYnAiLCJzbGlkZXNob3ciOiIxMjhkM2FjNCJ9\">\n\t\t\t\t\t<div class=\"e-gallery-image elementor-gallery-item__image\" data-thumbnail=\"https:\/\/www.nyheimcamping.no\/wp-content\/uploads\/2025\/10\/Dronebilde-Nyheim-camping_8-1024x767.webp\" data-width=\"800\" data-height=\"599\" aria-label=\"\" role=\"img\" ><\/div>\n\t\t\t\t\t\t\t\t\t\t\t<div class=\"elementor-gallery-item__overlay\"><\/div>\n\t\t\t\t\t\t\t\t\t\t\t\t\t\t<\/a>\n\t\t\t\t\t<\/div>\n\t\t\t\t\t<\/div>\n\t\t\t\t<\/div>\n\t\t\t\t\t<\/div>\n\t\t\t\t<\/div>\n\t\t\t\t<\/div>","protected":false},"excerpt":{"rendered":"<p>Bobil, campingvogn og telting Vi har hytter i ulike st\u00f8rrelser, med ulike fasiliteter, samt plasser for bobil og campingvogn. Det er ogs\u00e5 muligheter for telting. Campingen ligger like ved E6 og har fiskeelva Namsen tett inntil. Det er muligheter for fiske og leie av b\u00e5t. Campingen er omgitt av vakker natur og her har du [&hellip;]<\/p>\n","protected":false},"author":1,"featured_media":0,"parent":0,"menu_order":0,"comment_status":"closed","ping_status":"closed","template":"","meta":{"footnotes":""},"class_list":["post-1399","page","type-page","status-publish","hentry"],"_links":{"self":[{"href":"https:\/\/www.nyheimcamping.no\/de\/wp-json\/wp\/v2\/pages\/1399","targetHints":{"allow":["GET"]}}],"collection":[{"href":"https:\/\/www.nyheimcamping.no\/de\/wp-json\/wp\/v2\/pages"}],"about":[{"href":"https:\/\/www.nyheimcamping.no\/de\/wp-json\/wp\/v2\/types\/page"}],"author":[{"embeddable":true,"href":"https:\/\/www.nyheimcamping.no\/de\/wp-json\/wp\/v2\/users\/1"}],"replies":[{"embeddable":true,"href":"https:\/\/www.nyheimcamping.no\/de\/wp-json\/wp\/v2\/comments?post=1399"}],"version-history":[{"count":5,"href":"https:\/\/www.nyheimcamping.no\/de\/wp-json\/wp\/v2\/pages\/1399\/revisions"}],"predecessor-version":[{"id":1427,"href":"https:\/\/www.nyheimcamping.no\/de\/wp-json\/wp\/v2\/pages\/1399\/revisions\/1427"}],"wp:attachment":[{"href":"https:\/\/www.nyheimcamping.no\/de\/wp-json\/wp\/v2\/media?parent=1399"}],"curies":[{"name":"wp","href":"https:\/\/api.w.org\/{rel}","templated":true}]}}