{"id":1642,"date":"2025-10-05T22:03:24","date_gmt":"2025-10-05T20:03:24","guid":{"rendered":"https:\/\/www.nyheimcamping.no\/?page_id=1642"},"modified":"2025-10-05T22:04:19","modified_gmt":"2025-10-05T20:04:19","slug":"personvern","status":"publish","type":"page","link":"https:\/\/www.nyheimcamping.no\/de\/personvern\/","title":{"rendered":"Datenschutzbestimmungen"},"content":{"rendered":"<div data-elementor-type=\"wp-page\" data-elementor-id=\"1642\" class=\"elementor elementor-1642\" data-elementor-post-type=\"page\">\n\t\t\t\t\t\t<section class=\"elementor-section elementor-top-section elementor-element elementor-element-5a9addf elementor-section-height-min-height elementor-section-boxed elementor-section-height-default elementor-section-items-middle\" data-id=\"5a9addf\" data-element_type=\"section\" data-e-type=\"section\">\n\t\t\t\t\t\t<div class=\"elementor-container elementor-column-gap-default\">\n\t\t\t\t\t<div class=\"elementor-column elementor-col-33 elementor-top-column elementor-element elementor-element-827f1c6\" data-id=\"827f1c6\" data-element_type=\"column\" data-e-type=\"column\">\n\t\t\t<div class=\"elementor-widget-wrap elementor-element-populated\">\n\t\t\t\t\t\t<div class=\"elementor-element elementor-element-7c8b474 elementor-widget elementor-widget-text-editor\" data-id=\"7c8b474\" data-element_type=\"widget\" data-e-type=\"widget\" data-widget_type=\"text-editor.default\">\n\t\t\t\t<div class=\"elementor-widget-container\">\n\t\t\t\t\t\t\t\t\t<p><strong>Nyheim Camping<br \/><\/strong>Kleist Geddes Vei 97, 7890 Namsskogan, Norwegen<\/p>\t\t\t\t\t\t\t\t<\/div>\n\t\t\t\t<\/div>\n\t\t\t\t\t<\/div>\n\t\t<\/div>\n\t\t\t\t<div class=\"elementor-column elementor-col-33 elementor-top-column elementor-element elementor-element-668a0b3\" data-id=\"668a0b3\" data-element_type=\"column\" data-e-type=\"column\">\n\t\t\t<div class=\"elementor-widget-wrap\">\n\t\t\t\t\t\t\t<\/div>\n\t\t<\/div>\n\t\t\t\t<div class=\"elementor-column elementor-col-33 elementor-top-column elementor-element elementor-element-7f0a2fb\" data-id=\"7f0a2fb\" data-element_type=\"column\" data-e-type=\"column\">\n\t\t\t<div class=\"elementor-widget-wrap elementor-element-populated\">\n\t\t\t\t\t\t<div class=\"elementor-element elementor-element-77e74f9 elementor-widget elementor-widget-text-editor\" data-id=\"77e74f9\" data-element_type=\"widget\" data-e-type=\"widget\" data-widget_type=\"text-editor.default\">\n\t\t\t\t<div class=\"elementor-widget-container\">\n\t\t\t\t\t\t\t\t\t<p><strong>Telefon:<\/strong> +47 995 16 558<br \/><strong>E-Mail Adresse<\/strong>: <a href=\"mailto:postmottak@nyheimcamping.no\">postmottak@nyheimcamping.no<\/a><\/p>\t\t\t\t\t\t\t\t<\/div>\n\t\t\t\t<\/div>\n\t\t\t\t\t<\/div>\n\t\t<\/div>\n\t\t\t\t\t<\/div>\n\t\t<\/section>\n\t\t\t\t<section class=\"elementor-section elementor-top-section elementor-element elementor-element-6c01d3b elementor-section-boxed elementor-section-height-default elementor-section-height-default\" data-id=\"6c01d3b\" data-element_type=\"section\" data-e-type=\"section\">\n\t\t\t\t\t\t<div class=\"elementor-container elementor-column-gap-default\">\n\t\t\t\t\t<div class=\"elementor-column elementor-col-50 elementor-top-column elementor-element elementor-element-23fa7f1\" data-id=\"23fa7f1\" data-element_type=\"column\" data-e-type=\"column\">\n\t\t\t<div class=\"elementor-widget-wrap elementor-element-populated\">\n\t\t\t\t\t\t<div class=\"elementor-element elementor-element-1bf36ea elementor-widget elementor-widget-text-editor\" data-id=\"1bf36ea\" data-element_type=\"widget\" data-e-type=\"widget\" data-widget_type=\"text-editor.default\">\n\t\t\t\t<div class=\"elementor-widget-container\">\n\t\t\t\t\t\t\t\t\t<p><strong>Personenbezogene Daten, die verarbeitet werden.\u00a0<\/strong><br \/>Vorname und Nachname<br \/>Adresse<br \/>Rufnummer<br \/>E-Mail Adresse<br \/>Firmenname und Org.-Nr.<br \/>Kontaktperson<\/p><p><strong>Wof\u00fcr werden die personenbezogenen Daten verwendet?<\/strong><br \/>Das Unternehmen verwendet Ihre pers\u00f6nlichen Daten, um Ihre Kundenbeziehung mit uns zu verwalten. Wir k\u00f6nnen Ihre Daten f\u00fcr die folgenden Zwecke verwenden:<\/p><ul><li>Zur Bearbeitung von Anfragen<\/li><li>F\u00fchren Sie auf Wunsch Inspektionen durch<\/li><li>Pos. Bestellung Waren<\/li><li>M\u00f6glicherweise eine Rechnung senden<\/li><li>Testen und Verbessern der Systeme, die wir zur Erbringung unserer Dienstleistungen verwenden<\/li><li>Kommunizieren zu k\u00f6nnen<\/li><\/ul><p>Die Informationen, die wir erhalten, werden verwendet, um mit Ihnen in Kontakt zu treten, und wir werden nur Informationen sammeln, die f\u00fcr den Zweck, f\u00fcr den sie verwendet werden, notwendig sind.<\/p><p><strong>Weitergabe von personenbezogenen Daten<\/strong><br \/>Wir verkaufen keine personenbezogenen Daten zu Marketingzwecken an andere Unternehmen. Wir d\u00fcrfen Ihre personenbezogenen Daten nur in den folgenden F\u00e4llen weitergeben:<\/p><ul><li>mit Dritten, wenn der Auftrag von einem Dritten gelieferte Waren umfasst<\/li><li>Drittanbieter, die in unserem Auftrag und nach unseren Anweisungen Aufgaben oder Arbeiten ausf\u00fchren<\/li><li>Mit Beh\u00f6rden oder \u00c4mtern, wenn dies gesetzlich vorgeschrieben ist, durch Gerichtsentscheidungen oder rechtskr\u00e4ftige Entscheidungen der Beh\u00f6rden.<\/li><\/ul><p><strong><br \/>Wo werden Ihre pers\u00f6nlichen Daten gespeichert?<\/strong><br \/>Ihre Informationen werden in unserem Computersystem gespeichert. Wir haben gute Sicherheitsvorkehrungen und nur das notwendige Personal hat Zugang zu den relevanten Informationen.<\/p><p><b>Google<\/b><\/p><p>Wir verwenden Google Analytics, um die Anzahl der Besucher, die beliebtesten Seiten, die Dauer der Besuche und andere damit verbundene Informationen zu messen.<\/p><p>Diese Informationen werden \u00fcber die Tools von Google Analytics so weit wie m\u00f6glich anonymisiert und dienen nur dazu, einen Gesamteindruck zu vermitteln; wir identifizieren keine Einzelpersonen durch die Erhebung von Statistiken.<\/p><p><a href=\"https:\/\/policies.google.com\/privacy\">Weitere Informationen finden Sie in den Google-Datenschutzbestimmungen<\/a>.<\/p><p>Wir verwenden das Google Ads - Werbesystem. Mit Ads k\u00f6nnen Werbetreibende Menschen erreichen, die aktiv nach ihren Produkten oder Dienstleistungen in der Google-Suchmaschine suchen.<\/p><p><a href=\"https:\/\/policies.google.com\/technologies\/ads\">Hier k\u00f6nnen Sie mehr dar\u00fcber lesen, wie Google Ads Cookies verwendet.<\/a><\/p>\t\t\t\t\t\t\t\t<\/div>\n\t\t\t\t<\/div>\n\t\t\t\t\t<\/div>\n\t\t<\/div>\n\t\t\t\t<div class=\"elementor-column elementor-col-50 elementor-top-column elementor-element elementor-element-d058c5d\" data-id=\"d058c5d\" data-element_type=\"column\" data-e-type=\"column\">\n\t\t\t<div class=\"elementor-widget-wrap elementor-element-populated\">\n\t\t\t\t\t\t<div class=\"elementor-element elementor-element-39af5de elementor-widget elementor-widget-text-editor\" data-id=\"39af5de\" data-element_type=\"widget\" data-e-type=\"widget\" data-widget_type=\"text-editor.default\">\n\t\t\t\t<div class=\"elementor-widget-container\">\n\t\t\t\t\t\t\t\t\t<p><strong>Informations-Cookies (Cookies). Wie wir Cookies verwenden.<\/strong><br \/>Wir verwenden Cookies, um Ihnen bessere Dienste anbieten zu k\u00f6nnen. Einige Cookies sind f\u00fcr die Funktionalit\u00e4t der Websites unbedingt erforderlich, w\u00e4hrend andere zur Verbesserung der Leistung und der Benutzerfreundlichkeit verwendet werden.<\/p><p>Funktionale Cookies werden verwendet, um: - Ihre Anmeldedaten zu speichern - die Sicherheit aufrechtzuerhalten, wenn Sie angemeldet sind - sicherzustellen, dass die Websites f\u00fcr Sie als Benutzer gut funktionieren.<\/p><p>Performance-Cookies werden verwendet, um: - Websites schneller zu laden und die Benutzerfreundlichkeit zu verbessern.<\/p><p>Zielgerichtete Cookies werden verwendet, um: - Ihnen zu erm\u00f6glichen, Inhalte zu teilen und zu m\u00f6gen - Informationen an andere Websites zu senden, um deren Werbung zu personalisieren<\/p><p><strong>Beispiele f\u00fcr die Verwendung<\/strong><br \/>Cookies werden verwendet, um die Dienste f\u00fcr Sie noch besser zu machen, zum Beispiel durch: - Erm\u00f6glichung eines Dienstes, der Ihr Ger\u00e4t erkennt, so dass Sie dieselben Informationen nicht mehrmals eingeben m\u00fcssen - Erinnerung daran, dass Sie Ihren Benutzernamen und Ihr Passwort bereits eingegeben haben, wenn Sie auf Seiten eingeloggt sind, so dass Sie dies nicht f\u00fcr jede Seite erneut tun m\u00fcssen - Messung, wie viele Menschen die Dienste nutzen, so dass wir sie einfacher und schneller gestalten k\u00f6nnen - Analyse von Daten, die uns helfen zu verstehen, wie Sie Online-Dienste nutzen, so dass wir sie verbessern k\u00f6nnen<\/p><p>Wenn Sie uns die Verwendung von Cookies nicht gestatten, werden bestimmte Funktionen und die Websites nicht ordnungsgem\u00e4\u00df funktionieren. Wenn Sie bereits auf Ihrem Computer gespeicherte Cookies l\u00f6schen m\u00f6chten, folgen Sie den Anweisungen Ihres Browsers, indem Sie im Men\u00fc auf Hilfe klicken.<\/p><p>Weitere Informationen \u00fcber Cookies und deren Verwendung finden Sie unter\u00a0<a href=\"http:\/\/www.aboutcookies.org\/\">www.aboutcookies.org<\/a>\u00a0oder indem Sie in Ihrem Browser auf Hilfe klicken.<\/p><p><strong>Tools von Drittanbietern - Inhalte von Drittanbietern<br \/><\/strong>Manchmal ver\u00f6ffentlichen wir Videos, Bilder oder andere Inhalte von anderen Websites Dritter. Solche Inhalte k\u00f6nnen den Besucher so behandeln, als ob er sich auf der eigenen Website des enthaltenen Inhalts bef\u00e4nde, und es kann daher sein, dass Informationen gespeichert oder Statistiken von diesen Dritten erhoben werden.<\/p><p><strong>Kurse und Einschreibungen<\/strong><\/p><p>Von Zeit zu Zeit gibt es auf unserer Website die M\u00f6glichkeit, sich f\u00fcr einen Kurs einzuschreiben. Wenn Sie sich f\u00fcr einen Kurs anmelden, werden die f\u00fcr den Kursveranstalter erforderlichen Informationen gesammelt. Dazu geh\u00f6ren Ihr Name, Ihre Adresse, Telefonnummer, Uhrzeit und E-Mail.<\/p><p>Die Informationen werden verwendet, um zu best\u00e4tigen, dass die Person am Kurs teilnimmt und wohin die Zahlung\/Rechnung geschickt werden soll. Informationen \u00fcber Kursteilnehmer werden gel\u00f6scht, wenn die Informationen nicht mehr relevant sind. Dies kann z. B. der Fall sein, wenn ein Kurszertifikat abl\u00e4uft.<\/p><p><strong>Welche Rechte haben Sie?<\/strong><\/p><ul><li>Sie k\u00f6nnen verlangen, dass wir Ihre personenbezogenen Daten aus unserem Register l\u00f6schen. Wir k\u00f6nnen keine Daten l\u00f6schen, zu deren Aufbewahrung wir gesetzlich verpflichtet sind.<\/li><li>Sie k\u00f6nnen eine Berichtigung Ihrer Daten beantragen, wenn Sie diese f\u00fcr falsch halten.<\/li><li>Sie k\u00f6nnen eine Kopie der personenbezogenen Daten anfordern, die wir \u00fcber Sie gespeichert haben.<\/li><\/ul>\t\t\t\t\t\t\t\t<\/div>\n\t\t\t\t<\/div>\n\t\t\t\t\t<\/div>\n\t\t<\/div>\n\t\t\t\t\t<\/div>\n\t\t<\/section>\n\t\t\t\t<\/div>","protected":false},"excerpt":{"rendered":"<p>Nyheim CampingKleist Geddes Vei 97, 7890 Namsskogan, Norway Tlf.: +47 995 16 558E-post: postmottak@nyheimcamping.no Personopplysninger som behandles.\u00a0Fornavn og etternavnAdresseTelefonEpostFirmanavn og org.nrKontaktperson Hva brukes personopplysningene til?Virksomheten bruker personopplysningene for \u00e5 h\u00e5ndtere ditt kundeforhold til oss. Vi kan bruke dine opplysninger til f\u00f8lgende form\u00e5l: For \u00e5 behandle henvendelser Foreta befaringer om \u00f8nskelig Ev. bestille varer Ev. sende [&hellip;]<\/p>\n","protected":false},"author":1,"featured_media":0,"parent":0,"menu_order":0,"comment_status":"closed","ping_status":"closed","template":"","meta":{"footnotes":""},"class_list":["post-1642","page","type-page","status-publish","hentry"],"_links":{"self":[{"href":"https:\/\/www.nyheimcamping.no\/de\/wp-json\/wp\/v2\/pages\/1642","targetHints":{"allow":["GET"]}}],"collection":[{"href":"https:\/\/www.nyheimcamping.no\/de\/wp-json\/wp\/v2\/pages"}],"about":[{"href":"https:\/\/www.nyheimcamping.no\/de\/wp-json\/wp\/v2\/types\/page"}],"author":[{"embeddable":true,"href":"https:\/\/www.nyheimcamping.no\/de\/wp-json\/wp\/v2\/users\/1"}],"replies":[{"embeddable":true,"href":"https:\/\/www.nyheimcamping.no\/de\/wp-json\/wp\/v2\/comments?post=1642"}],"version-history":[{"count":3,"href":"https:\/\/www.nyheimcamping.no\/de\/wp-json\/wp\/v2\/pages\/1642\/revisions"}],"predecessor-version":[{"id":1645,"href":"https:\/\/www.nyheimcamping.no\/de\/wp-json\/wp\/v2\/pages\/1642\/revisions\/1645"}],"wp:attachment":[{"href":"https:\/\/www.nyheimcamping.no\/de\/wp-json\/wp\/v2\/media?parent=1642"}],"curies":[{"name":"wp","href":"https:\/\/api.w.org\/{rel}","templated":true}]}}