{"id":806,"date":"2025-07-04T09:21:49","date_gmt":"2025-07-04T07:21:49","guid":{"rendered":"https:\/\/www.nyheimcamping.no\/?page_id=806"},"modified":"2025-10-02T15:19:22","modified_gmt":"2025-10-02T13:19:22","slug":"priser","status":"publish","type":"page","link":"https:\/\/www.nyheimcamping.no\/de\/priser\/","title":{"rendered":"Preise"},"content":{"rendered":"<div data-elementor-type=\"wp-page\" data-elementor-id=\"806\" class=\"elementor elementor-806\" data-elementor-post-type=\"page\">\n\t\t\t\t<div class=\"elementor-element elementor-element-acb985c e-flex e-con-boxed e-con e-parent\" data-id=\"acb985c\" data-element_type=\"container\" data-e-type=\"container\">\n\t\t\t\t\t<div class=\"e-con-inner\">\n\t\t<div class=\"elementor-element elementor-element-14fed78 e-con-full e-flex e-con e-child\" data-id=\"14fed78\" data-element_type=\"container\" data-e-type=\"container\">\n\t\t\t\t<div class=\"elementor-element elementor-element-54c18dd elementor-widget elementor-widget-text-editor\" data-id=\"54c18dd\" data-element_type=\"widget\" data-e-type=\"widget\" data-widget_type=\"text-editor.default\">\n\t\t\t\t<div class=\"elementor-widget-container\">\n\t\t\t\t\t\t\t\t\t<div id=\"div_block-187-266\" class=\"ct-div-block\"><div id=\"div_block-188-266\" class=\"ct-div-block\"><div id=\"text_block-190-266\" class=\"ct-text-block\">Die Abschlussschulung kostet kr. 150 f\u00fcr kleinere Kabinen und kr. 300 f\u00fcr gr\u00f6\u00dfere Kabinen. <strong>Die Abschlussschulung ist in allen Kabinen obligatorisch<\/strong>. Jeder, der eine H\u00fctte\/einen Wohnwagenplatz mietet, hat freien Zugang zu Duschen und Internet (WLAN) sowie einen Angelschein f\u00fcr das Campinggel\u00e4nde.<\/div><\/div><\/div>\t\t\t\t\t\t\t\t<\/div>\n\t\t\t\t<\/div>\n\t\t\t\t<div class=\"elementor-element elementor-element-0b9e53e elementor-mobile-align-center elementor-widget elementor-widget-button\" data-id=\"0b9e53e\" data-element_type=\"widget\" data-e-type=\"widget\" data-widget_type=\"button.default\">\n\t\t\t\t<div class=\"elementor-widget-container\">\n\t\t\t\t\t\t\t\t\t<div class=\"elementor-button-wrapper\">\n\t\t\t\t\t<a class=\"elementor-button elementor-button-link elementor-size-sm\" href=\"#kontakt\">\n\t\t\t\t\t\t<span class=\"elementor-button-content-wrapper\">\n\t\t\t\t\t\t\t\t\t<span class=\"elementor-button-text\">KONTAKT US<\/span>\n\t\t\t\t\t<\/span>\n\t\t\t\t\t<\/a>\n\t\t\t\t<\/div>\n\t\t\t\t\t\t\t\t<\/div>\n\t\t\t\t<\/div>\n\t\t\t\t<\/div>\n\t\t<div class=\"elementor-element elementor-element-f303bb5 e-con-full e-flex e-con e-child\" data-id=\"f303bb5\" data-element_type=\"container\" data-e-type=\"container\" data-settings=\"{&quot;background_background&quot;:&quot;classic&quot;}\">\n\t\t\t\t<\/div>\n\t\t\t\t\t<\/div>\n\t\t\t\t<\/div>\n\t\t<div class=\"elementor-element elementor-element-72541eb e-flex e-con-boxed e-con e-parent\" data-id=\"72541eb\" data-element_type=\"container\" data-e-type=\"container\" data-settings=\"{&quot;background_background&quot;:&quot;classic&quot;}\">\n\t\t\t\t\t<div class=\"e-con-inner\">\n\t\t<div class=\"elementor-element elementor-element-8686d7f e-con-full e-flex e-con e-child\" data-id=\"8686d7f\" data-element_type=\"container\" data-e-type=\"container\">\n\t\t\t\t<div class=\"elementor-element elementor-element-870cd16 elementor-widget elementor-widget-text-editor\" data-id=\"870cd16\" data-element_type=\"widget\" data-e-type=\"widget\" data-widget_type=\"text-editor.default\">\n\t\t\t\t<div class=\"elementor-widget-container\">\n\t\t\t\t\t\t\t\t\t<p>Wohnwagen kr. 250.-<br \/>Wohnmobil kr. 250.-<br \/>Elektrizit\u00e4t Wohnmobil \/ Wohnwagen NOK. 50.- \/ Tag<br \/>Zelt kr. 120,- 1 Person.<br \/>Zelt kr.140.- 2 Personen.<\/p>\t\t\t\t\t\t\t\t<\/div>\n\t\t\t\t<\/div>\n\t\t\t\t<\/div>\n\t\t<div class=\"elementor-element elementor-element-c23eea6 e-con-full e-flex e-con e-child\" data-id=\"c23eea6\" data-element_type=\"container\" data-e-type=\"container\">\n\t\t\t\t<div class=\"elementor-element elementor-element-5aa27d5 elementor-widget elementor-widget-text-editor\" data-id=\"5aa27d5\" data-element_type=\"widget\" data-e-type=\"widget\" data-widget_type=\"text-editor.default\">\n\t\t\t\t<div class=\"elementor-widget-container\">\n\t\t\t\t\t\t\t\t\t<p>Zelt kr. 150,- 3 Personen.<br \/>Zelt kr. 160 - 4 Personen.<br \/>Zelt kr. 170 - 5 Personen.<br \/>Bootsverleih: (2 Stunden) NOK 50 (Preis\u00e4nderungen vorbehalten). Bitte beachten Sie, dass einige der H\u00fctten im Winter nicht vermietet werden.<\/p>\t\t\t\t\t\t\t\t<\/div>\n\t\t\t\t<\/div>\n\t\t\t\t<\/div>\n\t\t\t\t\t<\/div>\n\t\t\t\t<\/div>\n\t\t<div class=\"elementor-element elementor-element-e63a4d1 e-flex e-con-boxed e-con e-parent\" data-id=\"e63a4d1\" data-element_type=\"container\" data-e-type=\"container\">\n\t\t\t\t\t<div class=\"e-con-inner\">\n\t\t\t\t<div class=\"elementor-element elementor-element-f7c0473 elementor-widget elementor-widget-heading\" data-id=\"f7c0473\" data-element_type=\"widget\" data-e-type=\"widget\" data-widget_type=\"heading.default\">\n\t\t\t\t<div class=\"elementor-widget-container\">\n\t\t\t\t\t<h2 class=\"elementor-heading-title elementor-size-default\">Nyheim Camping Preisliste\n\n<\/h2>\t\t\t\t<\/div>\n\t\t\t\t<\/div>\n\t\t\t\t\t<\/div>\n\t\t\t\t<\/div>\n\t\t<div class=\"elementor-element elementor-element-1d0bcd3 e-flex e-con-boxed e-con e-parent\" data-id=\"1d0bcd3\" data-element_type=\"container\" data-e-type=\"container\">\n\t\t\t\t\t<div class=\"e-con-inner\">\n\t\t\t\t<div class=\"elementor-element elementor-element-5cb4bc9 elementor-widget elementor-widget-shortcode\" data-id=\"5cb4bc9\" data-element_type=\"widget\" data-e-type=\"widget\" data-widget_type=\"shortcode.default\">\n\t\t\t\t<div class=\"elementor-widget-container\">\n\t\t\t\t\t\t\t<div class=\"elementor-shortcode\">\n<table id=\"tablepress-2\" class=\"tablepress tablepress-id-2\">\n<thead>\n<tr class=\"row-1\">\n\t<th class=\"column-1\">Kabine Nr.\t<\/th><th class=\"column-2\">Fl\u00e4che m\u00b2<\/th><th class=\"column-3\">Bettpl\u00e4tze<\/th><th class=\"column-4\">Standard<\/th><th class=\"column-5\">Preis<\/th><th class=\"column-6\">Auslaugung<\/th>\n<\/tr>\n<tr class=\"row-2\">\n\t<th class=\"column-1\">Kabine Nr.<\/th><th class=\"column-2\">Quadratmeter<\/th><th class=\"column-3\">Betten<\/th><th class=\"column-4\">Standard<\/th><th class=\"column-5\">Preis<\/th><th class=\"column-6\">Reinigung<\/th>\n<\/tr>\n<\/thead>\n<tbody class=\"row-striping row-hover\">\n<tr class=\"row-3\">\n\t<td class=\"column-1\">1<\/td><td class=\"column-2\">12<\/td><td class=\"column-3\">3<\/td><td class=\"column-4\">Kochfeld, K\u00fchlschrank.<\/td><td class=\"column-5\">450<\/td><td class=\"column-6\">200<\/td>\n<\/tr>\n<tr class=\"row-4\">\n\t<td class=\"column-1\">2<\/td><td class=\"column-2\">12<\/td><td class=\"column-3\">4<\/td><td class=\"column-4\">Kochfeld, K\u00fchlschrank.<\/td><td class=\"column-5\">500<\/td><td class=\"column-6\">200<\/td>\n<\/tr>\n<tr class=\"row-5\">\n\t<td class=\"column-1\">3<\/td><td class=\"column-2\">24<\/td><td class=\"column-3\">6<\/td><td class=\"column-4\">Herd, K\u00fchlschrank. 2 Zimmer.<\/td><td class=\"column-5\">650<\/td><td class=\"column-6\">200<\/td>\n<\/tr>\n<tr class=\"row-6\">\n\t<td class=\"column-1\">4<\/td><td class=\"column-2\">12<\/td><td class=\"column-3\">4<\/td><td class=\"column-4\">Kochfeld, K\u00fchlschrank.<\/td><td class=\"column-5\">500<\/td><td class=\"column-6\">200<\/td>\n<\/tr>\n<tr class=\"row-7\">\n\t<td class=\"column-1\">5<\/td><td class=\"column-2\">12.5<\/td><td class=\"column-3\">2<\/td><td class=\"column-4\">Herd, K\u00fchlschrank und TV.<\/td><td class=\"column-5\">450<\/td><td class=\"column-6\">200<\/td>\n<\/tr>\n<tr class=\"row-8\">\n\t<td class=\"column-1\">6<\/td><td class=\"column-2\">15<\/td><td class=\"column-3\">4<\/td><td class=\"column-4\">Kochfeld, K\u00fchlschrank.<\/td><td class=\"column-5\">500<\/td><td class=\"column-6\">200<\/td>\n<\/tr>\n<tr class=\"row-9\">\n\t<td class=\"column-1\">7<\/td><td class=\"column-2\">15<\/td><td class=\"column-3\">4<\/td><td class=\"column-4\">Kochfeld, K\u00fchlschrank.<\/td><td class=\"column-5\">500<\/td><td class=\"column-6\">200<\/td>\n<\/tr>\n<tr class=\"row-10\">\n\t<td class=\"column-1\">8<\/td><td class=\"column-2\">15<\/td><td class=\"column-3\">4<\/td><td class=\"column-4\">Kochfeld, K\u00fchlschrank.<\/td><td class=\"column-5\">500<\/td><td class=\"column-6\">200<\/td>\n<\/tr>\n<tr class=\"row-11\">\n\t<td class=\"column-1\">9<\/td><td class=\"column-2\">15<\/td><td class=\"column-3\">4<\/td><td class=\"column-4\">Kochfeld, K\u00fchlschrank.<\/td><td class=\"column-5\">500<\/td><td class=\"column-6\">200<\/td>\n<\/tr>\n<tr class=\"row-12\">\n\t<td class=\"column-1\">10<\/td><td class=\"column-2\">15<\/td><td class=\"column-3\">4<\/td><td class=\"column-4\">Kochfeld, K\u00fchlschrank.<\/td><td class=\"column-5\">500<\/td><td class=\"column-6\">200<\/td>\n<\/tr>\n<tr class=\"row-13\">\n\t<td class=\"column-1\">11<\/td><td class=\"column-2\">38<\/td><td class=\"column-3\">7<\/td><td class=\"column-4\">Hoher Standard, Bad und 2 Schlafzimmer. TV.<\/td><td class=\"column-5\">1300<\/td><td class=\"column-6\">500<\/td>\n<\/tr>\n<tr class=\"row-14\">\n\t<td class=\"column-1\">12<\/td><td class=\"column-2\">26<\/td><td class=\"column-3\">4<\/td><td class=\"column-4\">Hoher Standard, Bad und 1 Schlafzimmer. TV.<\/td><td class=\"column-5\">950<\/td><td class=\"column-6\">400<\/td>\n<\/tr>\n<tr class=\"row-15\">\n\t<td class=\"column-1\">13<\/td><td class=\"column-2\">40<\/td><td class=\"column-3\">7<\/td><td class=\"column-4\">Sonnenkollektoren, Propan- und Holzofen.<\/td><td class=\"column-5\">750<\/td><td class=\"column-6\">400<\/td>\n<\/tr>\n<tr class=\"row-16\">\n\t<td class=\"column-1\">14<\/td><td class=\"column-2\">6<\/td><td class=\"column-3\">1<\/td><td class=\"column-4\">K\u00fchlschrank.<\/td><td class=\"column-5\">350<\/td><td class=\"column-6\">100<\/td>\n<\/tr>\n<tr class=\"row-17\">\n\t<td class=\"column-1\">15<\/td><td class=\"column-2\">15<\/td><td class=\"column-3\">3<\/td><td class=\"column-4\">Einfaches Cottage mit Bad und 1 Schlafzimmer. TV.<\/td><td class=\"column-5\">600<\/td><td class=\"column-6\">350<\/td>\n<\/tr>\n<tr class=\"row-18\">\n\t<td class=\"column-1\">16<\/td><td class=\"column-2\">35<\/td><td class=\"column-3\">4<\/td><td class=\"column-4\">Hoher Standard, Bad und 1 Schlafzimmer. Wohnung. TV.<\/td><td class=\"column-5\">1000<\/td><td class=\"column-6\">450<\/td>\n<\/tr>\n<tr class=\"row-19\">\n\t<td class=\"column-1\">17<\/td><td class=\"column-2\">55<\/td><td class=\"column-3\">8<\/td><td class=\"column-4\">Hoher Standard, Bad und 2 Schlafzimmer. TV.<\/td><td class=\"column-5\">1650<\/td><td class=\"column-6\">500<\/td>\n<\/tr>\n<\/tbody>\n<\/table>\n<!-- #tablepress-2 from cache --><\/div>\n\t\t\t\t\t\t<\/div>\n\t\t\t\t<\/div>\n\t\t\t\t\t<\/div>\n\t\t\t\t<\/div>\n\t\t<div class=\"elementor-element elementor-element-4542da9 e-flex e-con-boxed e-con e-parent\" data-id=\"4542da9\" data-element_type=\"container\" data-e-type=\"container\">\n\t\t\t\t\t<div class=\"e-con-inner\">\n\t\t\t\t<div class=\"elementor-element elementor-element-9d46b82 elementor-widget elementor-widget-shortcode\" data-id=\"9d46b82\" data-element_type=\"widget\" data-e-type=\"widget\" data-widget_type=\"shortcode.default\">\n\t\t\t\t<div class=\"elementor-widget-container\">\n\t\t\t\t\t\t\t<div class=\"elementor-shortcode\">\n<table id=\"tablepress-3\" class=\"tablepress tablepress-id-3\">\n<thead>\n<tr class=\"row-1\">\n\t<th class=\"column-1\">Dienstleistungen<\/th><th class=\"column-2\">Beschreibung<\/th><th class=\"column-3\">Preis<\/th>\n<\/tr>\n<tr class=\"row-2\">\n\t<th class=\"column-1\">Dienst<\/th><th class=\"column-2\">Beschreibung<\/th><th class=\"column-3\">Preis<\/th>\n<\/tr>\n<\/thead>\n<tbody class=\"row-striping row-hover\">\n<tr class=\"row-3\">\n\t<td class=\"column-1\">Wohnwagen<\/td><td class=\"column-2\">Parkplatz\/Parkplatz<\/td><td class=\"column-3\">275<\/td>\n<\/tr>\n<tr class=\"row-4\">\n\t<td class=\"column-1\">Wohnmobil\/Wohnwagen<\/td><td class=\"column-2\">Parkplatz\/Parkplatz<\/td><td class=\"column-3\">275<\/td>\n<\/tr>\n<tr class=\"row-5\">\n\t<td class=\"column-1\">Str\u00f8m\/Elektrizit\u00e4t<\/td><td class=\"column-2\">Wohnmobil\/Wohnwagen oder Wohnwagen pro Tag<\/td><td class=\"column-3\">75<\/td>\n<\/tr>\n<tr class=\"row-6\">\n\t<td class=\"column-1\">Zelt\/Zelt<\/td><td class=\"column-2\">1 Person<\/td><td class=\"column-3\">170<\/td>\n<\/tr>\n<tr class=\"row-7\">\n\t<td class=\"column-1\">\"<\/td><td class=\"column-2\">2 Personen<\/td><td class=\"column-3\">200<\/td>\n<\/tr>\n<tr class=\"row-8\">\n\t<td class=\"column-1\">\"<\/td><td class=\"column-2\">3 Personen<\/td><td class=\"column-3\">230<\/td>\n<\/tr>\n<tr class=\"row-9\">\n\t<td class=\"column-1\">\"<\/td><td class=\"column-2\">4 Personen<\/td><td class=\"column-3\">260<\/td>\n<\/tr>\n<tr class=\"row-10\">\n\t<td class=\"column-1\">\"<\/td><td class=\"column-2\">5 Personen<\/td><td class=\"column-3\">300<\/td>\n<\/tr>\n<tr class=\"row-11\">\n\t<td class=\"column-1\">Miete\/Pacht<\/td><td class=\"column-2\">B\u00e5t 2 timer\/Boat 2 Stunden<\/td><td class=\"column-3\">100<\/td>\n<\/tr>\n<tr class=\"row-12\">\n\t<td class=\"column-1\">\"<\/td><td class=\"column-2\">Paddelbrett 2 Stunden\/Paddelbrett 2 Stunden<\/td><td class=\"column-3\">100<\/td>\n<\/tr>\n<tr class=\"row-13\">\n\t<td class=\"column-1\">\"<\/td><td class=\"column-2\">Vaskemaskin\/Waschmaschine<\/td><td class=\"column-3\">70<\/td>\n<\/tr>\n<tr class=\"row-14\">\n\t<td class=\"column-1\">\"<\/td><td class=\"column-2\">W\u00e4schetrockner\/Trommeltrockner<\/td><td class=\"column-3\">70<\/td>\n<\/tr>\n<tr class=\"row-15\">\n\t<td class=\"column-1\">\"<\/td><td class=\"column-2\">Dusche\/Brause<\/td><td class=\"column-3\">50<\/td>\n<\/tr>\n<tr class=\"row-16\">\n\t<td class=\"column-1\">\"<\/td><td class=\"column-2\">Bettzeug\/Bettw\u00e4sche<\/td><td class=\"column-3\">150<\/td>\n<\/tr>\n<\/tbody>\n<\/table>\n<!-- #tablepress-3 from cache --><\/div>\n\t\t\t\t\t\t<\/div>\n\t\t\t\t<\/div>\n\t\t\t\t\t<\/div>\n\t\t\t\t<\/div>\n\t\t\t\t<\/div>","protected":false},"excerpt":{"rendered":"<p>Sluttrenhold koster kr. 150.- for mindre hytter og kr. 300.- for st\u00f8rre hytter. Sluttrenhold er obligatorisk p\u00e5 alle hytter. Alle som leier hytte\/caravanplass har fri tilgang til dusj og bruk av internett (WLAN), samt fiskekort p\u00e5 campingens omr\u00e5de. KONTAKT OSS Caravan kr. 250.-Bobil kr. 250.-Str\u00f8m bobil \/ caravan kr. 50.- \/ d\u00f8gnTelt kr. 120.- 1 [&hellip;]<\/p>\n","protected":false},"author":1,"featured_media":0,"parent":0,"menu_order":0,"comment_status":"closed","ping_status":"closed","template":"","meta":{"footnotes":""},"class_list":["post-806","page","type-page","status-publish","hentry"],"_links":{"self":[{"href":"https:\/\/www.nyheimcamping.no\/de\/wp-json\/wp\/v2\/pages\/806","targetHints":{"allow":["GET"]}}],"collection":[{"href":"https:\/\/www.nyheimcamping.no\/de\/wp-json\/wp\/v2\/pages"}],"about":[{"href":"https:\/\/www.nyheimcamping.no\/de\/wp-json\/wp\/v2\/types\/page"}],"author":[{"embeddable":true,"href":"https:\/\/www.nyheimcamping.no\/de\/wp-json\/wp\/v2\/users\/1"}],"replies":[{"embeddable":true,"href":"https:\/\/www.nyheimcamping.no\/de\/wp-json\/wp\/v2\/comments?post=806"}],"version-history":[{"count":5,"href":"https:\/\/www.nyheimcamping.no\/de\/wp-json\/wp\/v2\/pages\/806\/revisions"}],"predecessor-version":[{"id":1641,"href":"https:\/\/www.nyheimcamping.no\/de\/wp-json\/wp\/v2\/pages\/806\/revisions\/1641"}],"wp:attachment":[{"href":"https:\/\/www.nyheimcamping.no\/de\/wp-json\/wp\/v2\/media?parent=806"}],"curies":[{"name":"wp","href":"https:\/\/api.w.org\/{rel}","templated":true}]}}